{"id":2,"date":"2024-07-31T05:02:13","date_gmt":"2024-07-31T03:02:13","guid":{"rendered":"https:\/\/www.shlcrochet.se\/?page_id=2"},"modified":"2024-08-04T16:27:18","modified_gmt":"2024-08-04T14:27:18","slug":"exempelsida","status":"publish","type":"page","link":"https:\/\/www.shlcrochet.se\/?page_id=2","title":{"rendered":"Om SHL Crochet"},"content":{"rendered":"\n<figure class=\"wp-block-image size-full is-resized\"><img fetchpriority=\"high\" decoding=\"async\" width=\"590\" height=\"787\" src=\"https:\/\/www.shlcrochet.se\/wp-content\/uploads\/2024\/08\/0.jpg\" alt=\"\" class=\"wp-image-971\" style=\"width:316px;height:auto\" srcset=\"https:\/\/www.shlcrochet.se\/wp-content\/uploads\/2024\/08\/0.jpg 590w, https:\/\/www.shlcrochet.se\/wp-content\/uploads\/2024\/08\/0-225x300.jpg 225w\" sizes=\"(max-width: 590px) 100vw, 590px\" \/><\/figure>\n\n\n\n<p>Carina Andersson heter jag som har e-butiken SHL Crochet. <\/p>\n\n\n\n<p>Jag finns \u00e4ven p\u00e5 dessa st\u00e4llen:                                                                                                                                                                                                                                                                                   <\/p>\n\n\n\n<p>Facebook som SHL Crochet <\/p>\n\n\n\n<p>Instagram som crochetbyshl   <\/p>\n\n\n\n<p>ETSY som SHLCROCHET   <\/p>\n\n\n\n<p>RAVELRY som SHLCROCHET<\/p>\n\n\n\n<p>Virkning har varit en viktig del i mitt liv i m\u00e5nga \u00e5r. Men jag tycker \u00e4ven det \u00e4r s\u00e5 roligt att skapa m\u00f6nster som andra kan ta del av. <\/p>\n\n\n\n<p>Hur kom d\u00e5 SHL Crochet till v\u00e4rlden? Sj\u00e4lv \u00e4r jag intresserad av det mesta i sportv\u00e4rlden och satt en dag och funderade p\u00e5 vad man skulle kunna g\u00f6ra f\u00f6r m\u00f6nster som m\u00e5nga skulle kunna f\u00e5 nytta av och vara intresserade av att virka efter. Jag vet inte hur m\u00e5nga g\u00e5nger man funderat p\u00e5 vad man skulle kunna virka till t ex gubben eller grabbarna men inte kommit p\u00e5 n\u00e5got. D\u00e5 kom jag p\u00e5 att sportv\u00e4rlden \u00e4r ju o\u00e4ndlig och en jul i fj\u00e4llstugan f\u00f6ddes de f\u00f6rsta tomtarna med SHL tema. Sedan kom Supportern n\u00e5gra veckor senare och denna har blivit s\u00e5 omtyckt med m\u00e5nga fr\u00e5gor fr\u00e5n killar om jag kan g\u00f6ra en \u00e5t dem. Sedan dess har t ex Mini, Bj\u00f6rn, Beanie Bear, Blomstertomten, Supporter Girl och Pinglan kommit till v\u00e4rlden.<\/p>\n\n\n\n<p>D\u00e5 det ju tar en stund att skapa och virka f\u00f6r fotografering till m\u00f6nstret s\u00e5 finns det en hel del m\u00f6nster som textm\u00f6nster som inte \u00e4r med h\u00e4r \u00e4n. Textm\u00f6nster har full beskrivning med bilder p\u00e5 garn, var man g\u00f6r f\u00e4rgbyten osv. Det enda som saknas \u00e4r bild p\u00e5 den f\u00e4rdigvirkade men det \u00e4r bara att f\u00f6lja texten. S\u00e5 fr\u00e5ga g\u00e4rna om du inte hittar m\u00f6nster p\u00e5 just ditt lag.                                                                                      Jag hoppas mina m\u00f6nster ska gl\u00e4dja m\u00e5nga virkare fram\u00f6ver.                                                                                <\/p>\n\n\n\n<blockquote class=\"wp-block-quote is-layout-flow wp-block-quote-is-layout-flow\">\n<p>Har du fr\u00e5gor eller vill komma i kontakt med mig &#8211; maila p\u00e5 kontakt@shlcrochet s\u00e5 svarar jag s\u00e5 fort jag kan.<\/p>\n<\/blockquote>\n\n\n\n<p>Ha det gott!                                                                                                                                                               Carina Andersson<\/p>\n\n\n\n<ul class=\"wp-block-social-links is-layout-flex wp-block-social-links-is-layout-flex\"><li class=\"wp-social-link wp-social-link-facebook  wp-block-social-link\"><a href=\"https:\/\/www.facebook.som\/shlcrochet\" class=\"wp-block-social-link-anchor\"><svg width=\"24\" height=\"24\" viewBox=\"0 0 24 24\" version=\"1.1\" xmlns=\"http:\/\/www.w3.org\/2000\/svg\" aria-hidden=\"true\" focusable=\"false\"><path d=\"M12 2C6.5 2 2 6.5 2 12c0 5 3.7 9.1 8.4 9.9v-7H7.9V12h2.5V9.8c0-2.5 1.5-3.9 3.8-3.9 1.1 0 2.2.2 2.2.2v2.5h-1.3c-1.2 0-1.6.8-1.6 1.6V12h2.8l-.4 2.9h-2.3v7C18.3 21.1 22 17 22 12c0-5.5-4.5-10-10-10z\"><\/path><\/svg><span class=\"wp-block-social-link-label screen-reader-text\">Facebook<\/span><\/a><\/li>\n\n<li class=\"wp-social-link wp-social-link-instagram  wp-block-social-link\"><a href=\"https:\/\/www.intagram.com\/crochetbyshl\" class=\"wp-block-social-link-anchor\"><svg width=\"24\" height=\"24\" viewBox=\"0 0 24 24\" version=\"1.1\" xmlns=\"http:\/\/www.w3.org\/2000\/svg\" aria-hidden=\"true\" focusable=\"false\"><path d=\"M12,4.622c2.403,0,2.688,0.009,3.637,0.052c0.877,0.04,1.354,0.187,1.671,0.31c0.42,0.163,0.72,0.358,1.035,0.673 c0.315,0.315,0.51,0.615,0.673,1.035c0.123,0.317,0.27,0.794,0.31,1.671c0.043,0.949,0.052,1.234,0.052,3.637 s-0.009,2.688-0.052,3.637c-0.04,0.877-0.187,1.354-0.31,1.671c-0.163,0.42-0.358,0.72-0.673,1.035 c-0.315,0.315-0.615,0.51-1.035,0.673c-0.317,0.123-0.794,0.27-1.671,0.31c-0.949,0.043-1.233,0.052-3.637,0.052 s-2.688-0.009-3.637-0.052c-0.877-0.04-1.354-0.187-1.671-0.31c-0.42-0.163-0.72-0.358-1.035-0.673 c-0.315-0.315-0.51-0.615-0.673-1.035c-0.123-0.317-0.27-0.794-0.31-1.671C4.631,14.688,4.622,14.403,4.622,12 s0.009-2.688,0.052-3.637c0.04-0.877,0.187-1.354,0.31-1.671c0.163-0.42,0.358-0.72,0.673-1.035 c0.315-0.315,0.615-0.51,1.035-0.673c0.317-0.123,0.794-0.27,1.671-0.31C9.312,4.631,9.597,4.622,12,4.622 M12,3 C9.556,3,9.249,3.01,8.289,3.054C7.331,3.098,6.677,3.25,6.105,3.472C5.513,3.702,5.011,4.01,4.511,4.511 c-0.5,0.5-0.808,1.002-1.038,1.594C3.25,6.677,3.098,7.331,3.054,8.289C3.01,9.249,3,9.556,3,12c0,2.444,0.01,2.751,0.054,3.711 c0.044,0.958,0.196,1.612,0.418,2.185c0.23,0.592,0.538,1.094,1.038,1.594c0.5,0.5,1.002,0.808,1.594,1.038 c0.572,0.222,1.227,0.375,2.185,0.418C9.249,20.99,9.556,21,12,21s2.751-0.01,3.711-0.054c0.958-0.044,1.612-0.196,2.185-0.418 c0.592-0.23,1.094-0.538,1.594-1.038c0.5-0.5,0.808-1.002,1.038-1.594c0.222-0.572,0.375-1.227,0.418-2.185 C20.99,14.751,21,14.444,21,12s-0.01-2.751-0.054-3.711c-0.044-0.958-0.196-1.612-0.418-2.185c-0.23-0.592-0.538-1.094-1.038-1.594 c-0.5-0.5-1.002-0.808-1.594-1.038c-0.572-0.222-1.227-0.375-2.185-0.418C14.751,3.01,14.444,3,12,3L12,3z M12,7.378 c-2.552,0-4.622,2.069-4.622,4.622S9.448,16.622,12,16.622s4.622-2.069,4.622-4.622S14.552,7.378,12,7.378z M12,15 c-1.657,0-3-1.343-3-3s1.343-3,3-3s3,1.343,3,3S13.657,15,12,15z M16.804,6.116c-0.596,0-1.08,0.484-1.08,1.08 s0.484,1.08,1.08,1.08c0.596,0,1.08-0.484,1.08-1.08S17.401,6.116,16.804,6.116z\"><\/path><\/svg><span class=\"wp-block-social-link-label screen-reader-text\">Instagram<\/span><\/a><\/li>\n\n<li class=\"wp-social-link wp-social-link-etsy  wp-block-social-link\"><a href=\"https:\/\/www.etsy.com\/SHLCROCHET\" class=\"wp-block-social-link-anchor\"><svg width=\"24\" height=\"24\" viewBox=\"0 0 24 24\" version=\"1.1\" xmlns=\"http:\/\/www.w3.org\/2000\/svg\" aria-hidden=\"true\" focusable=\"false\"><path d=\"M9.16033,4.038c0-.27174.02717-.43478.48913-.43478h6.22283c1.087,0,1.68478.92391,2.11957,2.663l.35326,1.38587h1.05978C19.59511,3.712,19.75815,2,19.75815,2s-2.663.29891-4.23913.29891h-7.962L3.29076,2.163v1.1413L4.731,3.57609c1.00543.19022,1.25.40761,1.33152,1.33152,0,0,.08152,2.71739.08152,7.20109s-.08152,7.17391-.08152,7.17391c0,.81522-.32609,1.11413-1.33152,1.30435l-1.44022.27174V22l4.2663-.13587h7.11957c1.60326,0,5.32609.13587,5.32609.13587.08152-.97826.625-5.40761.70652-5.89674H19.7038L18.644,18.52174c-.84239,1.90217-2.06522,2.038-3.42391,2.038H11.1712c-1.3587,0-2.01087-.54348-2.01087-1.712V12.65217s3.0163,0,3.99457.08152c.76087.05435,1.22283.27174,1.46739,1.33152l.32609,1.413h1.16848l-.08152-3.55978.163-3.587H15.02989l-.38043,1.57609c-.24457,1.03261-.40761,1.22283-1.46739,1.33152-1.38587.13587-4.02174.1087-4.02174.1087Z\"><\/path><\/svg><span class=\"wp-block-social-link-label screen-reader-text\">Etsy<\/span><\/a><\/li><\/ul>\n\n\n\n<p><\/p>\n","protected":false},"excerpt":{"rendered":"<p>Carina Andersson heter jag som har e-butiken SHL Crochet. Jag finns \u00e4ven p\u00e5 dessa st\u00e4llen: Facebook som SHL Crochet Instagram&hellip;<\/p>\n","protected":false},"author":1,"featured_media":0,"parent":0,"menu_order":0,"comment_status":"closed","ping_status":"open","template":"","meta":{"footnotes":""},"class_list":["post-2","page","type-page","status-publish","hentry"],"jetpack_sharing_enabled":true,"_links":{"self":[{"href":"https:\/\/www.shlcrochet.se\/index.php?rest_route=\/wp\/v2\/pages\/2","targetHints":{"allow":["GET"]}}],"collection":[{"href":"https:\/\/www.shlcrochet.se\/index.php?rest_route=\/wp\/v2\/pages"}],"about":[{"href":"https:\/\/www.shlcrochet.se\/index.php?rest_route=\/wp\/v2\/types\/page"}],"author":[{"embeddable":true,"href":"https:\/\/www.shlcrochet.se\/index.php?rest_route=\/wp\/v2\/users\/1"}],"replies":[{"embeddable":true,"href":"https:\/\/www.shlcrochet.se\/index.php?rest_route=%2Fwp%2Fv2%2Fcomments&post=2"}],"version-history":[{"count":10,"href":"https:\/\/www.shlcrochet.se\/index.php?rest_route=\/wp\/v2\/pages\/2\/revisions"}],"predecessor-version":[{"id":977,"href":"https:\/\/www.shlcrochet.se\/index.php?rest_route=\/wp\/v2\/pages\/2\/revisions\/977"}],"wp:attachment":[{"href":"https:\/\/www.shlcrochet.se\/index.php?rest_route=%2Fwp%2Fv2%2Fmedia&parent=2"}],"curies":[{"name":"wp","href":"https:\/\/api.w.org\/{rel}","templated":true}]}}