{"id":1071,"date":"2024-08-09T22:56:32","date_gmt":"2024-08-09T20:56:32","guid":{"rendered":"https:\/\/www.shlcrochet.se\/?post_type=product&#038;p=1071"},"modified":"2025-01-01T09:09:46","modified_gmt":"2025-01-01T08:09:46","slug":"ren-snogubben","status":"publish","type":"product","link":"https:\/\/www.shlcrochet.se\/?product=ren-snogubben","title":{"rendered":"Virkm\u00f6nster Ren Sn\u00f6gubben"},"content":{"rendered":"<p>Med detta virkm\u00f6nster skapar du en egen Ren Sn\u00f6gubben!<\/p>\n<p>Ren Sn\u00f6gubben virkas i 8\/4 och med virkn\u00e5l 2,5 blir den ca 20 cm h\u00f6g.<\/p>\n<p>M\u00f6nstret inneh\u00e5ller beskrivning, bilder p\u00e5 garnet samt f\u00e4rgnummer.<\/p>\n<p>Vad beh\u00f6ver du kunna f\u00f6r att g\u00f6ra denna?<\/p>\n<ul>\n<li>Luftmaska<\/li>\n<li>Fast maska<\/li>\n<li>\u00d6ka<\/li>\n<li>Minska<\/li>\n<li>Virka i fr\u00e4mre eller bakre luftmaskb\u00e5gen<\/li>\n<li>Stolpar<\/li>\n<\/ul>\n<p>&nbsp;<\/p>\n<p>Garn eller material ing\u00e5r ej utan det \u00e4r endast m\u00f6nstret.<\/p>\n<p>Efter k\u00f6p kan du direkt ladda ner m\u00f6nstret som pdf-fil och sedan \u00e4r det bara att inf\u00f6rskaffa garn och b\u00f6rja skapa!<\/p>\n","protected":false},"excerpt":{"rendered":"<p>Med detta virkm\u00f6nster skapar du en egen Ren Sn\u00f6gubben! Ren Sn\u00f6gubben virkas i 8\/4 och med virkn\u00e5l 2,5 blir den&hellip;<\/p>\n","protected":false},"featured_media":1073,"comment_status":"closed","ping_status":"closed","template":"","meta":[],"product_brand":[],"product_cat":[61,58],"product_tag":[],"class_list":{"0":"post-1071","1":"product","2":"type-product","3":"status-publish","4":"has-post-thumbnail","6":"product_cat-jul","7":"product_cat-ovrigt","9":"first","10":"instock","11":"downloadable","12":"shipping-taxable","13":"purchasable","14":"product-type-simple"},"jetpack_sharing_enabled":true,"_links":{"self":[{"href":"https:\/\/www.shlcrochet.se\/index.php?rest_route=\/wp\/v2\/product\/1071","targetHints":{"allow":["GET"]}}],"collection":[{"href":"https:\/\/www.shlcrochet.se\/index.php?rest_route=\/wp\/v2\/product"}],"about":[{"href":"https:\/\/www.shlcrochet.se\/index.php?rest_route=\/wp\/v2\/types\/product"}],"replies":[{"embeddable":true,"href":"https:\/\/www.shlcrochet.se\/index.php?rest_route=%2Fwp%2Fv2%2Fcomments&post=1071"}],"wp:featuredmedia":[{"embeddable":true,"href":"https:\/\/www.shlcrochet.se\/index.php?rest_route=\/wp\/v2\/media\/1073"}],"wp:attachment":[{"href":"https:\/\/www.shlcrochet.se\/index.php?rest_route=%2Fwp%2Fv2%2Fmedia&parent=1071"}],"wp:term":[{"taxonomy":"product_brand","embeddable":true,"href":"https:\/\/www.shlcrochet.se\/index.php?rest_route=%2Fwp%2Fv2%2Fproduct_brand&post=1071"},{"taxonomy":"product_cat","embeddable":true,"href":"https:\/\/www.shlcrochet.se\/index.php?rest_route=%2Fwp%2Fv2%2Fproduct_cat&post=1071"},{"taxonomy":"product_tag","embeddable":true,"href":"https:\/\/www.shlcrochet.se\/index.php?rest_route=%2Fwp%2Fv2%2Fproduct_tag&post=1071"}],"curies":[{"name":"wp","href":"https:\/\/api.w.org\/{rel}","templated":true}]}}