{"id":1126,"date":"2024-08-22T18:25:01","date_gmt":"2024-08-22T16:25:01","guid":{"rendered":"https:\/\/www.shlcrochet.se\/?post_type=product&#038;p=1126"},"modified":"2025-01-01T09:08:53","modified_gmt":"2025-01-01T08:08:53","slug":"jesus-krubban","status":"publish","type":"product","link":"https:\/\/www.shlcrochet.se\/?product=jesus-krubban","title":{"rendered":"Virkm\u00f6nster Jesus krubban"},"content":{"rendered":"<p>Med detta virkm\u00f6nster skapar du en egen Jesus krubban med Maria, Josef och lilla Jesus barnet!<\/p>\n<p>Jesus krubban virkas i 8\/4 och Maria och Josef blir med virkn\u00e5l 2,5 ca 21 cm h\u00f6ga.<\/p>\n<p>M\u00f6nstret inneh\u00e5ller beskrivning, bilder p\u00e5 garnet samt f\u00e4rgnummer.<\/p>\n<p>Vad beh\u00f6ver du kunna f\u00f6r att g\u00f6ra denna?<\/p>\n<ul>\n<li>Luftmaska<\/li>\n<li>Fast maska<\/li>\n<li>\u00d6ka<\/li>\n<li>Minska<\/li>\n<li>Virka i fr\u00e4mre eller bakre luftmaskb\u00e5gen<\/li>\n<li>Stolpar<\/li>\n<\/ul>\n<p>&nbsp;<\/p>\n<p>Garn eller material ing\u00e5r ej utan det \u00e4r endast m\u00f6nstret.<\/p>\n<p>Efter k\u00f6p kan du direkt ladda ner m\u00f6nstret som pdf-fil och sedan \u00e4r det bara att inf\u00f6rskaffa garn och b\u00f6rja skapa!<\/p>\n","protected":false},"excerpt":{"rendered":"<p>Med detta virkm\u00f6nster skapar du en egen Jesus krubban med Maria, Josef och lilla Jesus barnet! Jesus krubban virkas i&hellip;<\/p>\n","protected":false},"featured_media":1128,"comment_status":"closed","ping_status":"closed","template":"","meta":[],"product_brand":[],"product_cat":[61,58],"product_tag":[],"class_list":{"0":"post-1126","1":"product","2":"type-product","3":"status-publish","4":"has-post-thumbnail","6":"product_cat-jul","7":"product_cat-ovrigt","9":"first","10":"instock","11":"downloadable","12":"shipping-taxable","13":"purchasable","14":"product-type-simple"},"jetpack_sharing_enabled":true,"_links":{"self":[{"href":"https:\/\/www.shlcrochet.se\/index.php?rest_route=\/wp\/v2\/product\/1126","targetHints":{"allow":["GET"]}}],"collection":[{"href":"https:\/\/www.shlcrochet.se\/index.php?rest_route=\/wp\/v2\/product"}],"about":[{"href":"https:\/\/www.shlcrochet.se\/index.php?rest_route=\/wp\/v2\/types\/product"}],"replies":[{"embeddable":true,"href":"https:\/\/www.shlcrochet.se\/index.php?rest_route=%2Fwp%2Fv2%2Fcomments&post=1126"}],"wp:featuredmedia":[{"embeddable":true,"href":"https:\/\/www.shlcrochet.se\/index.php?rest_route=\/wp\/v2\/media\/1128"}],"wp:attachment":[{"href":"https:\/\/www.shlcrochet.se\/index.php?rest_route=%2Fwp%2Fv2%2Fmedia&parent=1126"}],"wp:term":[{"taxonomy":"product_brand","embeddable":true,"href":"https:\/\/www.shlcrochet.se\/index.php?rest_route=%2Fwp%2Fv2%2Fproduct_brand&post=1126"},{"taxonomy":"product_cat","embeddable":true,"href":"https:\/\/www.shlcrochet.se\/index.php?rest_route=%2Fwp%2Fv2%2Fproduct_cat&post=1126"},{"taxonomy":"product_tag","embeddable":true,"href":"https:\/\/www.shlcrochet.se\/index.php?rest_route=%2Fwp%2Fv2%2Fproduct_tag&post=1126"}],"curies":[{"name":"wp","href":"https:\/\/api.w.org\/{rel}","templated":true}]}}