{"id":1272,"date":"2024-09-29T07:20:54","date_gmt":"2024-09-29T05:20:54","guid":{"rendered":"https:\/\/www.shlcrochet.se\/?post_type=product&#038;p=1272"},"modified":"2024-09-29T07:20:54","modified_gmt":"2024-09-29T05:20:54","slug":"virkmonster-text-supportern-i-elfsborg-fotbolls-farger","status":"publish","type":"product","link":"https:\/\/www.shlcrochet.se\/?product=virkmonster-text-supportern-i-elfsborg-fotbolls-farger","title":{"rendered":"Virkm\u00f6nster (text) Supportern i Elfsborg fotbolls f\u00e4rger"},"content":{"rendered":"<p>Med detta virkm\u00f6nster skapar du en egen Supporter i Elfsborg fotbolls f\u00e4rger!<\/p>\n<p>Detta m\u00f6nster \u00e4r ett text m\u00f6nster \u2013 dvs saknar den bilder p\u00e5 det f\u00e4rdigvirkade exemplaret i m\u00f6nstret som har ersatts med en skiss p\u00e5 hur denna kommer se ut. Modellen \u00e4r densamma som f\u00f6r \u00f6vriga Supportern. F\u00f6lj bara texten i m\u00f6nstret.<\/p>\n<p>Supportern virkas i 8\/4 och med virkn\u00e5l 2,5 blir den ca 28 cm h\u00f6g, eller med virkn\u00e5l 3,0 ca 32 cm h\u00f6g.<\/p>\n<p>M\u00f6nstret inneh\u00e5ller beskrivning, bilder p\u00e5 garnet samt f\u00e4rgnummer.<\/p>\n<p>Vad beh\u00f6ver du kunna f\u00f6r att g\u00f6ra denna?<\/p>\n<p>Luftmaska<br \/>\nFast maska<br \/>\n\u00d6ka<br \/>\nMinska<br \/>\nVirka i fr\u00e4mre eller bakre luftmaskb\u00e5gen<br \/>\nI vissa m\u00f6nster stolpar eller relief stolpar bakifr\u00e5n<\/p>\n<p>Garn eller material ing\u00e5r ej utan det \u00e4r endast m\u00f6nstret.<\/p>\n<p>Efter k\u00f6p kan du direkt ladda ner m\u00f6nstret som pdf-fil och sedan \u00e4r det bara att inf\u00f6rskaffa garn och b\u00f6rja skapa!<\/p>\n","protected":false},"excerpt":{"rendered":"<p>Med detta virkm\u00f6nster skapar du en egen Supporter i Elfsborg fotbolls f\u00e4rger! Detta m\u00f6nster \u00e4r ett text m\u00f6nster \u2013 dvs&hellip;<\/p>\n","protected":false},"featured_media":0,"comment_status":"closed","ping_status":"closed","template":"","meta":[],"product_brand":[],"product_cat":[51,56,32],"product_tag":[],"class_list":{"0":"post-1272","1":"product","2":"type-product","3":"status-publish","5":"product_cat-fotboll","6":"product_cat-fotbollsallsvenskan","7":"product_cat-text-monster","9":"first","10":"instock","11":"downloadable","12":"shipping-taxable","13":"purchasable","14":"product-type-simple"},"jetpack_sharing_enabled":true,"_links":{"self":[{"href":"https:\/\/www.shlcrochet.se\/index.php?rest_route=\/wp\/v2\/product\/1272","targetHints":{"allow":["GET"]}}],"collection":[{"href":"https:\/\/www.shlcrochet.se\/index.php?rest_route=\/wp\/v2\/product"}],"about":[{"href":"https:\/\/www.shlcrochet.se\/index.php?rest_route=\/wp\/v2\/types\/product"}],"replies":[{"embeddable":true,"href":"https:\/\/www.shlcrochet.se\/index.php?rest_route=%2Fwp%2Fv2%2Fcomments&post=1272"}],"wp:attachment":[{"href":"https:\/\/www.shlcrochet.se\/index.php?rest_route=%2Fwp%2Fv2%2Fmedia&parent=1272"}],"wp:term":[{"taxonomy":"product_brand","embeddable":true,"href":"https:\/\/www.shlcrochet.se\/index.php?rest_route=%2Fwp%2Fv2%2Fproduct_brand&post=1272"},{"taxonomy":"product_cat","embeddable":true,"href":"https:\/\/www.shlcrochet.se\/index.php?rest_route=%2Fwp%2Fv2%2Fproduct_cat&post=1272"},{"taxonomy":"product_tag","embeddable":true,"href":"https:\/\/www.shlcrochet.se\/index.php?rest_route=%2Fwp%2Fv2%2Fproduct_tag&post=1272"}],"curies":[{"name":"wp","href":"https:\/\/api.w.org\/{rel}","templated":true}]}}