{"id":1328,"date":"2024-10-13T09:21:20","date_gmt":"2024-10-13T07:21:20","guid":{"rendered":"https:\/\/www.shlcrochet.se\/?post_type=product&#038;p=1328"},"modified":"2024-10-13T09:21:20","modified_gmt":"2024-10-13T07:21:20","slug":"virkmonster-text-i-oskarshamn-hockeys-farger","status":"publish","type":"product","link":"https:\/\/www.shlcrochet.se\/?product=virkmonster-text-i-oskarshamn-hockeys-farger","title":{"rendered":"Virkm\u00f6nster (text) i Oskarshamn Hockeys f\u00e4rger"},"content":{"rendered":"<p>Med detta virkm\u00f6nster skapar du en egen D\u00f6rrstopp Supporter i Oskarshamn Hockeys f\u00e4rger!<\/p>\n<p>Denna virkas i 8\/4 och med virkn\u00e5l 2,5 blir den ca 32 cm l\u00e5ng om man inte r\u00e4knar med bollen p\u00e5 m\u00f6ssan.<\/p>\n<p>M\u00f6nstret inneh\u00e5ller beskrivning, bilder p\u00e5 garnet samt f\u00e4rgnummer.<\/p>\n<p>Vad beh\u00f6ver du kunna f\u00f6r att g\u00f6ra denna?<\/p>\n<p>Luftmaska<br \/>\nFast maska<br \/>\n\u00d6ka<br \/>\nMinska<br \/>\nVirka i fr\u00e4mre eller bakre luftmaskb\u00e5gen<br \/>\nI vissa m\u00f6nster stolpar eller relief stolpar bakifr\u00e5n<\/p>\n<p>Garn eller material ing\u00e5r ej utan det \u00e4r endast m\u00f6nstret.<\/p>\n<p>Efter k\u00f6p kan du direkt ladda ner m\u00f6nstret som pdf-fil och sedan \u00e4r det bara att inf\u00f6rskaffa garn och b\u00f6rja skapa!<\/p>\n","protected":false},"excerpt":{"rendered":"<p>Med detta virkm\u00f6nster skapar du en egen D\u00f6rrstopp Supporter i Oskarshamn Hockeys f\u00e4rger! Denna virkas i 8\/4 och med virkn\u00e5l&hellip;<\/p>\n","protected":false},"featured_media":1330,"comment_status":"closed","ping_status":"closed","template":"","meta":[],"product_brand":[],"product_cat":[52,54,32],"product_tag":[],"class_list":{"0":"post-1328","1":"product","2":"type-product","3":"status-publish","4":"has-post-thumbnail","6":"product_cat-hockey","7":"product_cat-hockeyallsvenskan","8":"product_cat-text-monster","10":"first","11":"instock","12":"downloadable","13":"shipping-taxable","14":"purchasable","15":"product-type-simple"},"jetpack_sharing_enabled":true,"_links":{"self":[{"href":"https:\/\/www.shlcrochet.se\/index.php?rest_route=\/wp\/v2\/product\/1328","targetHints":{"allow":["GET"]}}],"collection":[{"href":"https:\/\/www.shlcrochet.se\/index.php?rest_route=\/wp\/v2\/product"}],"about":[{"href":"https:\/\/www.shlcrochet.se\/index.php?rest_route=\/wp\/v2\/types\/product"}],"replies":[{"embeddable":true,"href":"https:\/\/www.shlcrochet.se\/index.php?rest_route=%2Fwp%2Fv2%2Fcomments&post=1328"}],"wp:featuredmedia":[{"embeddable":true,"href":"https:\/\/www.shlcrochet.se\/index.php?rest_route=\/wp\/v2\/media\/1330"}],"wp:attachment":[{"href":"https:\/\/www.shlcrochet.se\/index.php?rest_route=%2Fwp%2Fv2%2Fmedia&parent=1328"}],"wp:term":[{"taxonomy":"product_brand","embeddable":true,"href":"https:\/\/www.shlcrochet.se\/index.php?rest_route=%2Fwp%2Fv2%2Fproduct_brand&post=1328"},{"taxonomy":"product_cat","embeddable":true,"href":"https:\/\/www.shlcrochet.se\/index.php?rest_route=%2Fwp%2Fv2%2Fproduct_cat&post=1328"},{"taxonomy":"product_tag","embeddable":true,"href":"https:\/\/www.shlcrochet.se\/index.php?rest_route=%2Fwp%2Fv2%2Fproduct_tag&post=1328"}],"curies":[{"name":"wp","href":"https:\/\/api.w.org\/{rel}","templated":true}]}}