{"id":1549,"date":"2024-11-01T15:23:09","date_gmt":"2024-11-01T14:23:09","guid":{"rendered":"https:\/\/www.shlcrochet.se\/?post_type=product&#038;p=1549"},"modified":"2025-01-01T09:05:28","modified_gmt":"2025-01-01T08:05:28","slug":"hockeyallsvenskan-tomte-2024-textmonster","status":"publish","type":"product","link":"https:\/\/www.shlcrochet.se\/?product=hockeyallsvenskan-tomte-2024-textmonster","title":{"rendered":"Virkm\u00f6nster Hockeyallsvenskan Tomte 2024 alla lag 2024\/2025"},"content":{"rendered":"<p>Med detta virkm\u00f6nster skapar du en egen Hockeyallsvensk Tomte &#8211; m\u00f6nstret inneh\u00e5ller alla lag i Hockeyallsvenskan s\u00e4songen 2024\/2025.<\/p>\n<p>AIK<br \/>\nAlmtuna<br \/>\nKarlskoga<br \/>\nBj\u00f6rkl\u00f6ven<br \/>\nNybro<br \/>\nS\u00f6dert\u00e4lje<br \/>\nTingsryd<br \/>\nV\u00e4stervik<br \/>\nV\u00e4ster\u00e5s<br \/>\n\u00d6stersund<br \/>\nOskarshamn<br \/>\nDjurg\u00e5rden<br \/>\nKalmar<br \/>\nMora<\/p>\n<p>Hockeyallsvenska Tomten virkas i 8\/4 och med virkn\u00e5l 2,5 blir den ca 36 cm h\u00f6g.<\/p>\n<p>M\u00f6nstret inneh\u00e5ller beskrivning, bilder p\u00e5 garnet samt f\u00e4rgnummer.<br \/>\nI m\u00f6nstret \u00e4r det bilder p\u00e5 F\u00e4rjestad tomten f\u00f6r att visa modellen &#8211; beskrivning finns till \u00f6vriga lag med f\u00e4rgnummer, f\u00e4rgbyten osv.<\/p>\n<p>Vad beh\u00f6ver du kunna f\u00f6r att g\u00f6ra denna?<\/p>\n<p>Luftmaska<br \/>\nFast maska<br \/>\n\u00d6ka<br \/>\nMinska<br \/>\nVirka i fr\u00e4mre eller bakre luftmaskb\u00e5gen<br \/>\nStolpar<\/p>\n<p>Garn eller material ing\u00e5r ej utan det \u00e4r endast m\u00f6nstret.<\/p>\n<p>Efter k\u00f6p kan du direkt ladda ner m\u00f6nstret som pdf-fil och sedan \u00e4r det bara att inf\u00f6rskaffa garn och b\u00f6rja skapa!<\/p>\n","protected":false},"excerpt":{"rendered":"<p>Med detta virkm\u00f6nster skapar du en egen Hockeyallsvensk Tomte &#8211; m\u00f6nstret inneh\u00e5ller alla lag i Hockeyallsvenskan s\u00e4songen 2024\/2025. AIK Almtuna&hellip;<\/p>\n","protected":false},"featured_media":1851,"comment_status":"closed","ping_status":"closed","template":"","meta":[],"product_brand":[],"product_cat":[52,54,61,32],"product_tag":[],"class_list":{"0":"post-1549","1":"product","2":"type-product","3":"status-publish","4":"has-post-thumbnail","6":"product_cat-hockey","7":"product_cat-hockeyallsvenskan","8":"product_cat-jul","9":"product_cat-text-monster","11":"first","12":"instock","13":"downloadable","14":"shipping-taxable","15":"purchasable","16":"product-type-simple"},"jetpack_sharing_enabled":true,"_links":{"self":[{"href":"https:\/\/www.shlcrochet.se\/index.php?rest_route=\/wp\/v2\/product\/1549","targetHints":{"allow":["GET"]}}],"collection":[{"href":"https:\/\/www.shlcrochet.se\/index.php?rest_route=\/wp\/v2\/product"}],"about":[{"href":"https:\/\/www.shlcrochet.se\/index.php?rest_route=\/wp\/v2\/types\/product"}],"replies":[{"embeddable":true,"href":"https:\/\/www.shlcrochet.se\/index.php?rest_route=%2Fwp%2Fv2%2Fcomments&post=1549"}],"wp:featuredmedia":[{"embeddable":true,"href":"https:\/\/www.shlcrochet.se\/index.php?rest_route=\/wp\/v2\/media\/1851"}],"wp:attachment":[{"href":"https:\/\/www.shlcrochet.se\/index.php?rest_route=%2Fwp%2Fv2%2Fmedia&parent=1549"}],"wp:term":[{"taxonomy":"product_brand","embeddable":true,"href":"https:\/\/www.shlcrochet.se\/index.php?rest_route=%2Fwp%2Fv2%2Fproduct_brand&post=1549"},{"taxonomy":"product_cat","embeddable":true,"href":"https:\/\/www.shlcrochet.se\/index.php?rest_route=%2Fwp%2Fv2%2Fproduct_cat&post=1549"},{"taxonomy":"product_tag","embeddable":true,"href":"https:\/\/www.shlcrochet.se\/index.php?rest_route=%2Fwp%2Fv2%2Fproduct_tag&post=1549"}],"curies":[{"name":"wp","href":"https:\/\/api.w.org\/{rel}","templated":true}]}}