{"id":1591,"date":"2024-11-06T17:38:06","date_gmt":"2024-11-06T16:38:06","guid":{"rendered":"https:\/\/www.shlcrochet.se\/?post_type=product&#038;p=1591"},"modified":"2025-01-01T09:03:58","modified_gmt":"2025-01-01T08:03:58","slug":"snoflingan-i-lagens-farger-shl-hockeyallsvenskan-fotbollsallsvenskan-2024-2025","status":"publish","type":"product","link":"https:\/\/www.shlcrochet.se\/?product=snoflingan-i-lagens-farger-shl-hockeyallsvenskan-fotbollsallsvenskan-2024-2025","title":{"rendered":"Virkm\u00f6nster Sn\u00f6flingan i Lagens f\u00e4rger SHL, Hockeyallsvenskan, Fotbollsallsvenskan 2024\/2025"},"content":{"rendered":"<p>Med detta virkm\u00f6nster skapar du en egen Sn\u00f6flingan att tex h\u00e4nga i granen!<\/p>\n<p>Sn\u00f6flingan virkas i 8\/4 och med virkn\u00e5l 2,5 blir den ca 15 cm h\u00f6g.<\/p>\n<p>Sn\u00f6flingan virkas enf\u00e4rgad, men om du vill kan du t ex brodera lagets namn p\u00e5 framsidan.<\/p>\n<p>Tips &#8211; virka en i varje i lagets f\u00e4rger. Tex Link\u00f6ping Hockey en vit, en r\u00f6d och en bl\u00e5.<\/p>\n<p>M\u00f6nstret inneh\u00e5ller beskrivning, bilder p\u00e5 garnet samt f\u00e4rgnummer till alla lag i SHL, Hockeyallsvenskan och Fotbollsallsvenskan 2024\/2025.<\/p>\n<p>Vad beh\u00f6ver du kunna f\u00f6r att g\u00f6ra denna?<\/p>\n<p>Luftmaska<br \/>\nFast maska<br \/>\n\u00d6ka<br \/>\nMinska<br \/>\nVirka i fr\u00e4mre eller bakre luftmaskb\u00e5gen<\/p>\n<p>Garn eller material ing\u00e5r ej utan det \u00e4r endast m\u00f6nstret.<\/p>\n<p>Efter k\u00f6p kan du direkt ladda ner m\u00f6nstret som pdf-fil och sedan \u00e4r det bara att inf\u00f6rskaffa garn och b\u00f6rja skapa!<\/p>\n","protected":false},"excerpt":{"rendered":"<p>Med detta virkm\u00f6nster skapar du en egen Sn\u00f6flingan att tex h\u00e4nga i granen! Sn\u00f6flingan virkas i 8\/4 och med virkn\u00e5l&hellip;<\/p>\n","protected":false},"featured_media":1593,"comment_status":"closed","ping_status":"closed","template":"","meta":[],"product_brand":[],"product_cat":[51,56,52,54,61,53,32],"product_tag":[],"class_list":{"0":"post-1591","1":"product","2":"type-product","3":"status-publish","4":"has-post-thumbnail","6":"product_cat-fotboll","7":"product_cat-fotbollsallsvenskan","8":"product_cat-hockey","9":"product_cat-hockeyallsvenskan","10":"product_cat-jul","11":"product_cat-shl","12":"product_cat-text-monster","14":"first","15":"instock","16":"downloadable","17":"shipping-taxable","18":"purchasable","19":"product-type-simple"},"jetpack_sharing_enabled":true,"_links":{"self":[{"href":"https:\/\/www.shlcrochet.se\/index.php?rest_route=\/wp\/v2\/product\/1591","targetHints":{"allow":["GET"]}}],"collection":[{"href":"https:\/\/www.shlcrochet.se\/index.php?rest_route=\/wp\/v2\/product"}],"about":[{"href":"https:\/\/www.shlcrochet.se\/index.php?rest_route=\/wp\/v2\/types\/product"}],"replies":[{"embeddable":true,"href":"https:\/\/www.shlcrochet.se\/index.php?rest_route=%2Fwp%2Fv2%2Fcomments&post=1591"}],"wp:featuredmedia":[{"embeddable":true,"href":"https:\/\/www.shlcrochet.se\/index.php?rest_route=\/wp\/v2\/media\/1593"}],"wp:attachment":[{"href":"https:\/\/www.shlcrochet.se\/index.php?rest_route=%2Fwp%2Fv2%2Fmedia&parent=1591"}],"wp:term":[{"taxonomy":"product_brand","embeddable":true,"href":"https:\/\/www.shlcrochet.se\/index.php?rest_route=%2Fwp%2Fv2%2Fproduct_brand&post=1591"},{"taxonomy":"product_cat","embeddable":true,"href":"https:\/\/www.shlcrochet.se\/index.php?rest_route=%2Fwp%2Fv2%2Fproduct_cat&post=1591"},{"taxonomy":"product_tag","embeddable":true,"href":"https:\/\/www.shlcrochet.se\/index.php?rest_route=%2Fwp%2Fv2%2Fproduct_tag&post=1591"}],"curies":[{"name":"wp","href":"https:\/\/api.w.org\/{rel}","templated":true}]}}