{"id":164,"date":"2024-08-01T12:52:56","date_gmt":"2024-08-01T10:52:56","guid":{"rendered":"https:\/\/www.shlcrochet.se\/?post_type=product&#038;p=164"},"modified":"2024-12-22T09:53:57","modified_gmt":"2024-12-22T08:53:57","slug":"virkmonster-pinglan-men-mojlighet-till-manga-olika-lags-farger","status":"publish","type":"product","link":"https:\/\/www.shlcrochet.se\/?product=virkmonster-pinglan-men-mojlighet-till-manga-olika-lags-farger","title":{"rendered":"Virkm\u00f6nster Pinglan med m\u00f6jlighet till m\u00e5nga olika lags f\u00e4rger"},"content":{"rendered":"<p>Med detta virkm\u00f6nster skapar du en egen Pinglan- med eller utan vingar eller Lagjacka eller Lagtr\u00f6ja!<\/p>\n<p>Pinglan virkas i 8\/4 och med virkn\u00e5l 2,5 blir den ca 28 cm h\u00f6g.<\/p>\n<p>M\u00f6nstret inneh\u00e5ller docka, h\u00e5r i korkskruvslockar, vantar, st\u00f6vlar, m\u00f6ssa, halsduk, v\u00e4ska, tr\u00f6ja och jacka.<\/p>\n<p>Tr\u00f6jan kan g\u00f6ras till Lagtr\u00f6ja och jackan till Lagjacka i ditt lags f\u00e4rger.<\/p>\n<p>G\u00e5 med i min Facebook grupp SHL Crochet.<\/p>\n<p>H\u00e4r finns l\u00e4ngst upp p\u00e5 sidan under Filer pdf filer f\u00f6r m\u00e5nga olika lag vilket garn och f\u00e4rger som ska anv\u00e4ndas (med f\u00e4rgnummer), var f\u00e4rgbytena ska vara, var broderierna ska sitta mm.<\/p>\n<p>Du byter helt enkelt ut de raderna och vips s\u00e5 f\u00e5r du ett lags f\u00e4rger och detaljer p\u00e5 tr\u00f6ja och jacka!<\/p>\n<p>Listan uppdateras med fler lag vartefter.<\/p>\n<p>&nbsp;<\/p>\n<p>M\u00f6nstret inneh\u00e5ller beskrivning, bilder p\u00e5 garnet samt f\u00e4rgnummer.<\/p>\n<p>Vad beh\u00f6ver du kunna f\u00f6r att g\u00f6ra denna?<\/p>\n<ul>\n<li>Luftmaska<\/li>\n<li>Fast maska<\/li>\n<li>\u00d6ka<\/li>\n<li>Minska<\/li>\n<li>Virka i fr\u00e4mre eller bakre luftmaskb\u00e5gen<\/li>\n<li>I vissa m\u00f6nster stolpar eller relief stolpar bakifr\u00e5n<\/li>\n<\/ul>\n<p>&nbsp;<\/p>\n<p>Garn eller material ing\u00e5r ej utan det \u00e4r endast m\u00f6nstret.<\/p>\n<p>Efter k\u00f6p kan du direkt ladda ner m\u00f6nstret som pdf-fil och sedan \u00e4r det bara att inf\u00f6rskaffa garn och b\u00f6rja skapa!<\/p>\n","protected":false},"excerpt":{"rendered":"<p>Virkm\u00f6nster Pinglan<\/p>\n","protected":false},"featured_media":167,"comment_status":"open","ping_status":"closed","template":"","meta":[],"product_brand":[],"product_cat":[51,56,52,54,57,53],"product_tag":[],"class_list":{"0":"post-164","1":"product","2":"type-product","3":"status-publish","4":"has-post-thumbnail","6":"product_cat-fotboll","7":"product_cat-fotbollsallsvenskan","8":"product_cat-hockey","9":"product_cat-hockeyallsvenskan","10":"product_cat-premier-leauge","11":"product_cat-shl","13":"first","14":"instock","15":"downloadable","16":"shipping-taxable","17":"purchasable","18":"product-type-simple"},"jetpack_sharing_enabled":true,"_links":{"self":[{"href":"https:\/\/www.shlcrochet.se\/index.php?rest_route=\/wp\/v2\/product\/164","targetHints":{"allow":["GET"]}}],"collection":[{"href":"https:\/\/www.shlcrochet.se\/index.php?rest_route=\/wp\/v2\/product"}],"about":[{"href":"https:\/\/www.shlcrochet.se\/index.php?rest_route=\/wp\/v2\/types\/product"}],"replies":[{"embeddable":true,"href":"https:\/\/www.shlcrochet.se\/index.php?rest_route=%2Fwp%2Fv2%2Fcomments&post=164"}],"wp:featuredmedia":[{"embeddable":true,"href":"https:\/\/www.shlcrochet.se\/index.php?rest_route=\/wp\/v2\/media\/167"}],"wp:attachment":[{"href":"https:\/\/www.shlcrochet.se\/index.php?rest_route=%2Fwp%2Fv2%2Fmedia&parent=164"}],"wp:term":[{"taxonomy":"product_brand","embeddable":true,"href":"https:\/\/www.shlcrochet.se\/index.php?rest_route=%2Fwp%2Fv2%2Fproduct_brand&post=164"},{"taxonomy":"product_cat","embeddable":true,"href":"https:\/\/www.shlcrochet.se\/index.php?rest_route=%2Fwp%2Fv2%2Fproduct_cat&post=164"},{"taxonomy":"product_tag","embeddable":true,"href":"https:\/\/www.shlcrochet.se\/index.php?rest_route=%2Fwp%2Fv2%2Fproduct_tag&post=164"}],"curies":[{"name":"wp","href":"https:\/\/api.w.org\/{rel}","templated":true}]}}