{"id":1651,"date":"2024-11-15T05:47:13","date_gmt":"2024-11-15T04:47:13","guid":{"rendered":"https:\/\/www.shlcrochet.se\/?post_type=product&#038;p=1651"},"modified":"2024-11-17T19:25:40","modified_gmt":"2024-11-17T18:25:40","slug":"virkmonster-bjorn-i-brynas-farger-text-monster","status":"publish","type":"product","link":"https:\/\/www.shlcrochet.se\/?product=virkmonster-bjorn-i-brynas-farger-text-monster","title":{"rendered":"Virkm\u00f6nster BJ\u00d6RN i Bryn\u00e4s f\u00e4rger (text m\u00f6nster)"},"content":{"rendered":"<p>Med detta virkm\u00f6nster skapar du en egen BJ\u00d6RN i Bryn\u00e4s Hockeys f\u00e4rger!<\/p>\n<p>Bj\u00f6rn virkas i 8\/4 och med virkn\u00e5l 3,0 och blir ca 38 cm h\u00f6g.<\/p>\n<p>M\u00f6nstret inneh\u00e5ller beskrivning, bilder p\u00e5 garnet samt f\u00e4rgnummer.<\/p>\n<p>Vad beh\u00f6ver du kunna f\u00f6r att g\u00f6ra denna?<\/p>\n<p>Luftmaska<br \/>\nFast maska<br \/>\n\u00d6ka<br \/>\nMinska<br \/>\nVirka i fr\u00e4mre eller bakre luftmaskb\u00e5gen<br \/>\nI vissa m\u00f6nster stolpar eller relief stolpar bakifr\u00e5n<\/p>\n<p>Garn eller material ing\u00e5r ej utan det \u00e4r endast m\u00f6nstret.<\/p>\n<p>Efter k\u00f6p kan du direkt ladda ner m\u00f6nstret som pdf-fil och sedan \u00e4r det bara att inf\u00f6rskaffa garn och b\u00f6rja skapa!<\/p>\n","protected":false},"excerpt":{"rendered":"<p>Med detta virkm\u00f6nster skapar du en egen BJ\u00d6RN i Bryn\u00e4s Hockeys f\u00e4rger! Bj\u00f6rn virkas i 8\/4 och med virkn\u00e5l 3,0&hellip;<\/p>\n","protected":false},"featured_media":0,"comment_status":"closed","ping_status":"closed","template":"","meta":[],"product_brand":[],"product_cat":[52,53,32],"product_tag":[],"class_list":{"0":"post-1651","1":"product","2":"type-product","3":"status-publish","5":"product_cat-hockey","6":"product_cat-shl","7":"product_cat-text-monster","9":"first","10":"instock","11":"downloadable","12":"shipping-taxable","13":"purchasable","14":"product-type-simple"},"jetpack_sharing_enabled":true,"_links":{"self":[{"href":"https:\/\/www.shlcrochet.se\/index.php?rest_route=\/wp\/v2\/product\/1651","targetHints":{"allow":["GET"]}}],"collection":[{"href":"https:\/\/www.shlcrochet.se\/index.php?rest_route=\/wp\/v2\/product"}],"about":[{"href":"https:\/\/www.shlcrochet.se\/index.php?rest_route=\/wp\/v2\/types\/product"}],"replies":[{"embeddable":true,"href":"https:\/\/www.shlcrochet.se\/index.php?rest_route=%2Fwp%2Fv2%2Fcomments&post=1651"}],"wp:attachment":[{"href":"https:\/\/www.shlcrochet.se\/index.php?rest_route=%2Fwp%2Fv2%2Fmedia&parent=1651"}],"wp:term":[{"taxonomy":"product_brand","embeddable":true,"href":"https:\/\/www.shlcrochet.se\/index.php?rest_route=%2Fwp%2Fv2%2Fproduct_brand&post=1651"},{"taxonomy":"product_cat","embeddable":true,"href":"https:\/\/www.shlcrochet.se\/index.php?rest_route=%2Fwp%2Fv2%2Fproduct_cat&post=1651"},{"taxonomy":"product_tag","embeddable":true,"href":"https:\/\/www.shlcrochet.se\/index.php?rest_route=%2Fwp%2Fv2%2Fproduct_tag&post=1651"}],"curies":[{"name":"wp","href":"https:\/\/api.w.org\/{rel}","templated":true}]}}