{"id":1668,"date":"2024-11-16T19:44:43","date_gmt":"2024-11-16T18:44:43","guid":{"rendered":"https:\/\/www.shlcrochet.se\/?post_type=product&#038;p=1668"},"modified":"2024-11-16T19:44:43","modified_gmt":"2024-11-16T18:44:43","slug":"virkmonster-nyckelband-i-lagfarger-shl-hockeyallsvenskan-fotbollsallsvenskan-2024-2025","status":"publish","type":"product","link":"https:\/\/www.shlcrochet.se\/?product=virkmonster-nyckelband-i-lagfarger-shl-hockeyallsvenskan-fotbollsallsvenskan-2024-2025","title":{"rendered":"Virkm\u00f6nster Nyckelband i Lagf\u00e4rger SHL, Hockeyallsvenskan, Fotbollsallsvenskan 2024\/2025"},"content":{"rendered":"<p>Med detta virkm\u00f6nster skapar du ett Nyckelband i favoritlagets f\u00e4rger!<\/p>\n<p>Nyckelbandet virkas i 8\/4 och med virkn\u00e5l 2,5 blir den ca 13 cm l\u00e5ng.<\/p>\n<p>Nyckelbandet virkas i ditt favoritlags f\u00e4rger.<\/p>\n<p>M\u00f6nstret inneh\u00e5ller beskrivning, bilder p\u00e5 garnet samt f\u00e4rgnummer till alla lag i SHL, Hockeyallsvenskan och Fotbollsallsvenskan 2024\/2025.<\/p>\n<p>Vad beh\u00f6ver du kunna f\u00f6r att g\u00f6ra denna?<\/p>\n<p>Luftmaska<br \/>\nFast maska<\/p>\n<p>Star Stitch (beskrivning samt l\u00e4nk ditt video i m\u00f6nstret)<\/p>\n<p>Efter k\u00f6p kan du direkt ladda ner m\u00f6nstret som pdf-fil och sedan \u00e4r det bara att inf\u00f6rskaffa garn och b\u00f6rja skapa!<\/p>\n","protected":false},"excerpt":{"rendered":"<p>Med detta virkm\u00f6nster skapar du ett Nyckelband i favoritlagets f\u00e4rger! Nyckelbandet virkas i 8\/4 och med virkn\u00e5l 2,5 blir den&hellip;<\/p>\n","protected":false},"featured_media":1670,"comment_status":"closed","ping_status":"closed","template":"","meta":[],"product_brand":[],"product_cat":[51,56,52,54,58,53,32],"product_tag":[],"class_list":{"0":"post-1668","1":"product","2":"type-product","3":"status-publish","4":"has-post-thumbnail","6":"product_cat-fotboll","7":"product_cat-fotbollsallsvenskan","8":"product_cat-hockey","9":"product_cat-hockeyallsvenskan","10":"product_cat-ovrigt","11":"product_cat-shl","12":"product_cat-text-monster","14":"first","15":"instock","16":"downloadable","17":"shipping-taxable","18":"purchasable","19":"product-type-simple"},"jetpack_sharing_enabled":true,"_links":{"self":[{"href":"https:\/\/www.shlcrochet.se\/index.php?rest_route=\/wp\/v2\/product\/1668","targetHints":{"allow":["GET"]}}],"collection":[{"href":"https:\/\/www.shlcrochet.se\/index.php?rest_route=\/wp\/v2\/product"}],"about":[{"href":"https:\/\/www.shlcrochet.se\/index.php?rest_route=\/wp\/v2\/types\/product"}],"replies":[{"embeddable":true,"href":"https:\/\/www.shlcrochet.se\/index.php?rest_route=%2Fwp%2Fv2%2Fcomments&post=1668"}],"wp:featuredmedia":[{"embeddable":true,"href":"https:\/\/www.shlcrochet.se\/index.php?rest_route=\/wp\/v2\/media\/1670"}],"wp:attachment":[{"href":"https:\/\/www.shlcrochet.se\/index.php?rest_route=%2Fwp%2Fv2%2Fmedia&parent=1668"}],"wp:term":[{"taxonomy":"product_brand","embeddable":true,"href":"https:\/\/www.shlcrochet.se\/index.php?rest_route=%2Fwp%2Fv2%2Fproduct_brand&post=1668"},{"taxonomy":"product_cat","embeddable":true,"href":"https:\/\/www.shlcrochet.se\/index.php?rest_route=%2Fwp%2Fv2%2Fproduct_cat&post=1668"},{"taxonomy":"product_tag","embeddable":true,"href":"https:\/\/www.shlcrochet.se\/index.php?rest_route=%2Fwp%2Fv2%2Fproduct_tag&post=1668"}],"curies":[{"name":"wp","href":"https:\/\/api.w.org\/{rel}","templated":true}]}}