{"id":1731,"date":"2024-11-24T07:32:01","date_gmt":"2024-11-24T06:32:01","guid":{"rendered":"https:\/\/www.shlcrochet.se\/?post_type=product&#038;p=1731"},"modified":"2024-11-24T07:38:15","modified_gmt":"2024-11-24T06:38:15","slug":"virkmonster-tomte-med-ljus","status":"publish","type":"product","link":"https:\/\/www.shlcrochet.se\/?product=virkmonster-tomte-med-ljus","title":{"rendered":"Virkm\u00f6nster Tomte med ljus alla lag SHL, Hockeyallsvenskan, Fotbollsallsvenskan 2024\/2025"},"content":{"rendered":"<p>Med detta virkm\u00f6nster skapar du en egen Tomte med ljus p\u00e5 huvudet\u2013 m\u00f6nstret inneh\u00e5ller alla lag i SHL s\u00e4songen 2024\/2025.<\/p>\n<p>Tomten virkas i 8\/4 och med virkn\u00e5l 2,5 blir den ca 15 cm h\u00f6g.<\/p>\n<p>M\u00f6nstret inneh\u00e5ller beskrivning, bilder p\u00e5 garnet samt f\u00e4rgnummer.<br \/>\nI m\u00f6nstret \u00e4r det bilder p\u00e5\u00a0 tomten i Link\u00f6ping hockeys och Fr\u00f6lunda hockeys f\u00e4rger f\u00f6r att visa modellen \u2013 beskrivning finns till \u00f6vriga lag med f\u00e4rgnummer, f\u00e4rgbyten osv.<\/p>\n<p>Vad beh\u00f6ver du kunna f\u00f6r att g\u00f6ra denna?<\/p>\n<p>Luftmaska<br \/>\nFast maska<br \/>\n\u00d6ka<br \/>\nMinska<br \/>\nVirka i fr\u00e4mre eller bakre luftmaskb\u00e5gen<br \/>\nStolpar<\/p>\n<p>Halvstolpar<\/p>\n<p>Star Stitch (beskrivning i m\u00f6nstret)<\/p>\n<p>Garn eller material ing\u00e5r ej utan det \u00e4r endast m\u00f6nstret.<\/p>\n<p>Efter k\u00f6p kan du direkt ladda ner m\u00f6nstret som pdf-fil och sedan \u00e4r det bara att inf\u00f6rskaffa garn och b\u00f6rja skapa!<\/p>\n","protected":false},"excerpt":{"rendered":"<p>Med detta virkm\u00f6nster skapar du en egen Tomte med ljus p\u00e5 huvudet\u2013 m\u00f6nstret inneh\u00e5ller alla lag i SHL s\u00e4songen 2024\/2025.&hellip;<\/p>\n","protected":false},"featured_media":1734,"comment_status":"closed","ping_status":"closed","template":"","meta":[],"product_brand":[],"product_cat":[51,56,52,54,61,53,32],"product_tag":[],"class_list":{"0":"post-1731","1":"product","2":"type-product","3":"status-publish","4":"has-post-thumbnail","6":"product_cat-fotboll","7":"product_cat-fotbollsallsvenskan","8":"product_cat-hockey","9":"product_cat-hockeyallsvenskan","10":"product_cat-jul","11":"product_cat-shl","12":"product_cat-text-monster","14":"first","15":"instock","16":"downloadable","17":"shipping-taxable","18":"purchasable","19":"product-type-simple"},"jetpack_sharing_enabled":true,"_links":{"self":[{"href":"https:\/\/www.shlcrochet.se\/index.php?rest_route=\/wp\/v2\/product\/1731","targetHints":{"allow":["GET"]}}],"collection":[{"href":"https:\/\/www.shlcrochet.se\/index.php?rest_route=\/wp\/v2\/product"}],"about":[{"href":"https:\/\/www.shlcrochet.se\/index.php?rest_route=\/wp\/v2\/types\/product"}],"replies":[{"embeddable":true,"href":"https:\/\/www.shlcrochet.se\/index.php?rest_route=%2Fwp%2Fv2%2Fcomments&post=1731"}],"wp:featuredmedia":[{"embeddable":true,"href":"https:\/\/www.shlcrochet.se\/index.php?rest_route=\/wp\/v2\/media\/1734"}],"wp:attachment":[{"href":"https:\/\/www.shlcrochet.se\/index.php?rest_route=%2Fwp%2Fv2%2Fmedia&parent=1731"}],"wp:term":[{"taxonomy":"product_brand","embeddable":true,"href":"https:\/\/www.shlcrochet.se\/index.php?rest_route=%2Fwp%2Fv2%2Fproduct_brand&post=1731"},{"taxonomy":"product_cat","embeddable":true,"href":"https:\/\/www.shlcrochet.se\/index.php?rest_route=%2Fwp%2Fv2%2Fproduct_cat&post=1731"},{"taxonomy":"product_tag","embeddable":true,"href":"https:\/\/www.shlcrochet.se\/index.php?rest_route=%2Fwp%2Fv2%2Fproduct_tag&post=1731"}],"curies":[{"name":"wp","href":"https:\/\/api.w.org\/{rel}","templated":true}]}}