{"id":2027,"date":"2025-01-20T16:34:31","date_gmt":"2025-01-20T15:34:31","guid":{"rendered":"https:\/\/www.shlcrochet.se\/?post_type=product&#038;p=2027"},"modified":"2026-01-06T19:24:19","modified_gmt":"2026-01-06T18:24:19","slug":"supporter-headcover-driver","status":"publish","type":"product","link":"https:\/\/www.shlcrochet.se\/?product=supporter-headcover-driver","title":{"rendered":"Virkm\u00f6nster Supporter Headcover Driver"},"content":{"rendered":"<p>Med detta virkm\u00f6nster skapar du en Headcover till din driver i ditt lags f\u00e4rger!<\/p>\n<p>Headcovern virkas i Hobbis garn Rainbow Cotton 8\/4 i enkelt\/dubbel garn med virkn\u00e5l 3,0 och 3,5.<\/p>\n<p>P\u00e5 bilderna \u00e4r Supporter Headcover Driver virkad i Link\u00f6ping Hockeys f\u00e4rger.<\/p>\n<p>M\u00f6nstret inneh\u00e5ller beskrivning, bilder p\u00e5 garnet samt f\u00e4rgnummer till alla lag i SHL, Hockeyallsvenskan och Fotbollsallsvenskan 2024\/2025.<\/p>\n<p>Vad beh\u00f6ver du kunna f\u00f6r att g\u00f6ra denna?<\/p>\n<p>Luftmaska<br \/>\nFast maska<\/p>\n<p>Smygmaska<\/p>\n<p>Virka i fr\u00e4mre eller bakre luftmaskb\u00e5gen<\/p>\n<p>Reliefstolpar framifr\u00e5n p\u00e5 m\u00f6ssan.<\/p>\n<p>Garn eller material ing\u00e5r ej utan det \u00e4r endast m\u00f6nstret.<\/p>\n<p>Efter k\u00f6p kan du direkt ladda ner m\u00f6nstret som pdf-fil och sedan \u00e4r det bara att inf\u00f6rskaffa garn och b\u00f6rja skapa!<\/p>\n","protected":false},"excerpt":{"rendered":"<p>Med detta virkm\u00f6nster skapar du en Headcover till din driver i ditt lags f\u00e4rger! Headcovern virkas i Hobbis garn Rainbow&hellip;<\/p>\n","protected":false},"featured_media":2029,"comment_status":"closed","ping_status":"closed","template":"","meta":[],"product_brand":[],"product_cat":[51,56,20,52,54,58,53,32],"product_tag":[],"class_list":{"0":"post-2027","1":"product","2":"type-product","3":"status-publish","4":"has-post-thumbnail","6":"product_cat-fotboll","7":"product_cat-fotbollsallsvenskan","8":"product_cat-golf","9":"product_cat-hockey","10":"product_cat-hockeyallsvenskan","11":"product_cat-ovrigt","12":"product_cat-shl","13":"product_cat-text-monster","15":"first","16":"instock","17":"downloadable","18":"shipping-taxable","19":"purchasable","20":"product-type-simple"},"jetpack_sharing_enabled":true,"_links":{"self":[{"href":"https:\/\/www.shlcrochet.se\/index.php?rest_route=\/wp\/v2\/product\/2027","targetHints":{"allow":["GET"]}}],"collection":[{"href":"https:\/\/www.shlcrochet.se\/index.php?rest_route=\/wp\/v2\/product"}],"about":[{"href":"https:\/\/www.shlcrochet.se\/index.php?rest_route=\/wp\/v2\/types\/product"}],"replies":[{"embeddable":true,"href":"https:\/\/www.shlcrochet.se\/index.php?rest_route=%2Fwp%2Fv2%2Fcomments&post=2027"}],"wp:featuredmedia":[{"embeddable":true,"href":"https:\/\/www.shlcrochet.se\/index.php?rest_route=\/wp\/v2\/media\/2029"}],"wp:attachment":[{"href":"https:\/\/www.shlcrochet.se\/index.php?rest_route=%2Fwp%2Fv2%2Fmedia&parent=2027"}],"wp:term":[{"taxonomy":"product_brand","embeddable":true,"href":"https:\/\/www.shlcrochet.se\/index.php?rest_route=%2Fwp%2Fv2%2Fproduct_brand&post=2027"},{"taxonomy":"product_cat","embeddable":true,"href":"https:\/\/www.shlcrochet.se\/index.php?rest_route=%2Fwp%2Fv2%2Fproduct_cat&post=2027"},{"taxonomy":"product_tag","embeddable":true,"href":"https:\/\/www.shlcrochet.se\/index.php?rest_route=%2Fwp%2Fv2%2Fproduct_tag&post=2027"}],"curies":[{"name":"wp","href":"https:\/\/api.w.org\/{rel}","templated":true}]}}