{"id":2504,"date":"2025-08-31T20:45:16","date_gmt":"2025-08-31T18:45:16","guid":{"rendered":"https:\/\/www.shlcrochet.se\/?post_type=product&#038;p=2504"},"modified":"2026-01-06T19:23:48","modified_gmt":"2026-01-06T18:23:48","slug":"fotbollsallsvenska-tomten-2025","status":"publish","type":"product","link":"https:\/\/www.shlcrochet.se\/?product=fotbollsallsvenska-tomten-2025","title":{"rendered":"Virkm\u00f6nster Fotbollsallsvenska tomten 2025"},"content":{"rendered":"<p>Med detta virkm\u00f6nster skapar du en egen Fotbollsallsvenska Tomte \u2013 m\u00f6nstret inneh\u00e5ller beskrivning till alla lag i Fotbollsallsvenskan s\u00e4songen 2025.<\/p>\n<p>Hammarby (bilder i m\u00f6nstret)<br \/>\nSirius<br \/>\nDjurg\u00e5rden<br \/>\nBrommapojkarna<br \/>\nElfsborg<br \/>\nMalm\u00f6 FF (bilder i m\u00f6nstret)<br \/>\nHalmstad<br \/>\nAIK (bilder i m\u00f6nstret)<br \/>\nDegerfors<br \/>\nGAIS<br \/>\nMj\u00e4llby<br \/>\nIFK Norrk\u00f6ping (bilder i m\u00f6nstret)<br \/>\nV\u00e4rnamo<br \/>\n\u00d6ster<\/p>\n<p>IFK G\u00f6teborg (bilder i m\u00f6nstret)<\/p>\n<p>H\u00e4cken<\/p>\n<p>&nbsp;<\/p>\n<p>Fotbollsallsvenskan Tomten virkas i 8\/4 och med virkn\u00e5l 2,5 blir den ca 36 cm h\u00f6g.<\/p>\n<p>M\u00f6nstret inneh\u00e5ller beskrivning, bilder p\u00e5 garnet samt f\u00e4rgnummer.<br \/>\nI m\u00f6nstret \u00e4r det bilder p\u00e5 Malm\u00f6 FF tomten f\u00f6r att visa modellen \u2013 beskrivning finns till \u00f6vriga lag med f\u00e4rgnummer, f\u00e4rgbyten osv.<\/p>\n<p>Vad beh\u00f6ver du kunna f\u00f6r att g\u00f6ra denna?<\/p>\n<p>Luftmaska<br \/>\nFast maska<br \/>\n\u00d6ka<br \/>\nMinska<br \/>\nVirka i fr\u00e4mre eller bakre luftmaskb\u00e5gen<br \/>\nStolpar<\/p>\n<p>Garn eller material ing\u00e5r ej utan det \u00e4r endast m\u00f6nstret.<\/p>\n<p>Efter k\u00f6p kan du direkt ladda ner m\u00f6nstret som pdf-fil och sedan \u00e4r det bara att inf\u00f6rskaffa garn och b\u00f6rja skapa!<\/p>\n","protected":false},"excerpt":{"rendered":"<p>Med detta virkm\u00f6nster skapar du en egen Fotbollsallsvenska Tomte \u2013 m\u00f6nstret inneh\u00e5ller beskrivning till alla lag i Fotbollsallsvenskan s\u00e4songen 2025.&hellip;<\/p>\n","protected":false},"featured_media":2506,"comment_status":"closed","ping_status":"closed","template":"","meta":[],"product_brand":[],"product_cat":[51,56,61],"product_tag":[],"class_list":{"0":"post-2504","1":"product","2":"type-product","3":"status-publish","4":"has-post-thumbnail","6":"product_cat-fotboll","7":"product_cat-fotbollsallsvenskan","8":"product_cat-jul","10":"first","11":"instock","12":"downloadable","13":"shipping-taxable","14":"purchasable","15":"product-type-simple"},"jetpack_sharing_enabled":true,"_links":{"self":[{"href":"https:\/\/www.shlcrochet.se\/index.php?rest_route=\/wp\/v2\/product\/2504","targetHints":{"allow":["GET"]}}],"collection":[{"href":"https:\/\/www.shlcrochet.se\/index.php?rest_route=\/wp\/v2\/product"}],"about":[{"href":"https:\/\/www.shlcrochet.se\/index.php?rest_route=\/wp\/v2\/types\/product"}],"replies":[{"embeddable":true,"href":"https:\/\/www.shlcrochet.se\/index.php?rest_route=%2Fwp%2Fv2%2Fcomments&post=2504"}],"wp:featuredmedia":[{"embeddable":true,"href":"https:\/\/www.shlcrochet.se\/index.php?rest_route=\/wp\/v2\/media\/2506"}],"wp:attachment":[{"href":"https:\/\/www.shlcrochet.se\/index.php?rest_route=%2Fwp%2Fv2%2Fmedia&parent=2504"}],"wp:term":[{"taxonomy":"product_brand","embeddable":true,"href":"https:\/\/www.shlcrochet.se\/index.php?rest_route=%2Fwp%2Fv2%2Fproduct_brand&post=2504"},{"taxonomy":"product_cat","embeddable":true,"href":"https:\/\/www.shlcrochet.se\/index.php?rest_route=%2Fwp%2Fv2%2Fproduct_cat&post=2504"},{"taxonomy":"product_tag","embeddable":true,"href":"https:\/\/www.shlcrochet.se\/index.php?rest_route=%2Fwp%2Fv2%2Fproduct_tag&post=2504"}],"curies":[{"name":"wp","href":"https:\/\/api.w.org\/{rel}","templated":true}]}}