{"id":2861,"date":"2025-11-06T16:55:39","date_gmt":"2025-11-06T15:55:39","guid":{"rendered":"https:\/\/www.shlcrochet.se\/?post_type=product&#038;p=2861"},"modified":"2025-11-06T16:55:39","modified_gmt":"2025-11-06T15:55:39","slug":"supportern-timra-hockey-textmonster","status":"publish","type":"product","link":"https:\/\/www.shlcrochet.se\/?product=supportern-timra-hockey-textmonster","title":{"rendered":"Supportern Timr\u00e5 Hockey (textm\u00f6nster)"},"content":{"rendered":"<p>Med detta virkm\u00f6nster skapar du en egen Supporter i Timr\u00e5 Hockeys f\u00e4rger!<\/p>\n<p>Detta \u00e4r ett textm\u00f6nster med bilder p\u00e5 Supportern V\u00e4xj\u00f6 Hockey f\u00f6r att visa modellen.<\/p>\n<p>Du f\u00f6ljer texten i m\u00f6nstret f\u00f6r att det ska bli en Supporter i Tim\u00e5s f\u00e4rger.<\/p>\n<p>Supportern virkas i 8\/4 och med virkn\u00e5l 2,5 blir den ca 28 cm h\u00f6g, eller med virkn\u00e5l 3,0 ca 32 cm h\u00f6g.<\/p>\n<p>M\u00f6nstret inneh\u00e5ller beskrivning, bilder p\u00e5 garnet samt f\u00e4rgnummer.<\/p>\n<p>Vad beh\u00f6ver du kunna f\u00f6r att g\u00f6ra denna?<\/p>\n<ul>\n<li>Luftmaska<\/li>\n<li>Fast maska<\/li>\n<li>\u00d6ka<\/li>\n<li>Minska<\/li>\n<li>Virka i fr\u00e4mre eller bakre luftmaskb\u00e5gen<\/li>\n<li>I vissa m\u00f6nster stolpar eller relief stolpar bakifr\u00e5n<\/li>\n<\/ul>\n<p>&nbsp;<\/p>\n<p>Garn eller material ing\u00e5r ej utan det \u00e4r endast m\u00f6nstret.<\/p>\n<p>Efter k\u00f6p kan du direkt ladda ner m\u00f6nstret som pdf-fil och sedan \u00e4r det bara att inf\u00f6rskaffa garn och b\u00f6rja skapa!<\/p>\n","protected":false},"excerpt":{"rendered":"<p>Med detta virkm\u00f6nster skapar du en egen Supporter i Timr\u00e5 Hockeys f\u00e4rger! Detta \u00e4r ett textm\u00f6nster med bilder p\u00e5 Supportern&hellip;<\/p>\n","protected":false},"featured_media":0,"comment_status":"closed","ping_status":"closed","template":"","meta":[],"product_brand":[],"product_cat":[52,53,32],"product_tag":[],"class_list":{"0":"post-2861","1":"product","2":"type-product","3":"status-publish","5":"product_cat-hockey","6":"product_cat-shl","7":"product_cat-text-monster","9":"first","10":"instock","11":"downloadable","12":"shipping-taxable","13":"purchasable","14":"product-type-simple"},"jetpack_sharing_enabled":true,"_links":{"self":[{"href":"https:\/\/www.shlcrochet.se\/index.php?rest_route=\/wp\/v2\/product\/2861","targetHints":{"allow":["GET"]}}],"collection":[{"href":"https:\/\/www.shlcrochet.se\/index.php?rest_route=\/wp\/v2\/product"}],"about":[{"href":"https:\/\/www.shlcrochet.se\/index.php?rest_route=\/wp\/v2\/types\/product"}],"replies":[{"embeddable":true,"href":"https:\/\/www.shlcrochet.se\/index.php?rest_route=%2Fwp%2Fv2%2Fcomments&post=2861"}],"wp:attachment":[{"href":"https:\/\/www.shlcrochet.se\/index.php?rest_route=%2Fwp%2Fv2%2Fmedia&parent=2861"}],"wp:term":[{"taxonomy":"product_brand","embeddable":true,"href":"https:\/\/www.shlcrochet.se\/index.php?rest_route=%2Fwp%2Fv2%2Fproduct_brand&post=2861"},{"taxonomy":"product_cat","embeddable":true,"href":"https:\/\/www.shlcrochet.se\/index.php?rest_route=%2Fwp%2Fv2%2Fproduct_cat&post=2861"},{"taxonomy":"product_tag","embeddable":true,"href":"https:\/\/www.shlcrochet.se\/index.php?rest_route=%2Fwp%2Fv2%2Fproduct_tag&post=2861"}],"curies":[{"name":"wp","href":"https:\/\/api.w.org\/{rel}","templated":true}]}}