{"id":2951,"date":"2025-11-23T19:01:22","date_gmt":"2025-11-23T18:01:22","guid":{"rendered":"https:\/\/www.shlcrochet.se\/?post_type=product&#038;p=2951"},"modified":"2026-01-06T19:18:48","modified_gmt":"2026-01-06T18:18:48","slug":"peppar-och-kakan-peepparkaks-paret","status":"publish","type":"product","link":"https:\/\/www.shlcrochet.se\/?product=peppar-och-kakan-peepparkaks-paret","title":{"rendered":"Virkm\u00f6nster Peppar och Kakan (Pepparkaks paret)"},"content":{"rendered":"<p>Med detta virkm\u00f6nster skapar du Pepparkaks paret Peppar och Kakan.<\/p>\n<p>Peppar och Kakan virkas i Hobbis garn Rainbow Cotton 8\/4 med virkn\u00e5l 2,5 och blir ca 46 cm cm h\u00f6g (ca 25 cm sittandes).<\/p>\n<p>Vad beh\u00f6ver du kunna f\u00f6r att g\u00f6ra denna?<\/p>\n<p>Luftmaska<br \/>\nFast maska<\/p>\n<p>Smygmaska<\/p>\n<p>Stolpe<\/p>\n<p>Relief stolpe framifr\u00e5n (om du vill, annars g\u00f6r du vanliga stolpar men d\u00e5 blir inte luvan lika tjock)<\/p>\n<p>Star Stitch (beskrivning i m\u00f6nstret)<\/p>\n<p>Virka i fr\u00e4mre eller bakre luftmaskb\u00e5gen<\/p>\n<p>\u00d6ka\/Minska<\/p>\n<p>Garn eller material ing\u00e5r ej utan det \u00e4r endast m\u00f6nstret.<\/p>\n<p>Efter k\u00f6p kan du direkt ladda ner m\u00f6nstret som pdf-fil och sedan \u00e4r det bara att inf\u00f6rskaffa garn och b\u00f6rja skapa!<\/p>\n","protected":false},"excerpt":{"rendered":"<p>Med detta virkm\u00f6nster skapar du Pepparkaks paret Peppar och Kakan. Peppar och Kakan virkas i Hobbis garn Rainbow Cotton 8\/4&hellip;<\/p>\n","protected":false},"featured_media":2953,"comment_status":"closed","ping_status":"closed","template":"","meta":[],"product_brand":[],"product_cat":[61,58],"product_tag":[],"class_list":{"0":"post-2951","1":"product","2":"type-product","3":"status-publish","4":"has-post-thumbnail","6":"product_cat-jul","7":"product_cat-ovrigt","9":"first","10":"instock","11":"downloadable","12":"shipping-taxable","13":"purchasable","14":"product-type-simple"},"jetpack_sharing_enabled":true,"_links":{"self":[{"href":"https:\/\/www.shlcrochet.se\/index.php?rest_route=\/wp\/v2\/product\/2951","targetHints":{"allow":["GET"]}}],"collection":[{"href":"https:\/\/www.shlcrochet.se\/index.php?rest_route=\/wp\/v2\/product"}],"about":[{"href":"https:\/\/www.shlcrochet.se\/index.php?rest_route=\/wp\/v2\/types\/product"}],"replies":[{"embeddable":true,"href":"https:\/\/www.shlcrochet.se\/index.php?rest_route=%2Fwp%2Fv2%2Fcomments&post=2951"}],"wp:featuredmedia":[{"embeddable":true,"href":"https:\/\/www.shlcrochet.se\/index.php?rest_route=\/wp\/v2\/media\/2953"}],"wp:attachment":[{"href":"https:\/\/www.shlcrochet.se\/index.php?rest_route=%2Fwp%2Fv2%2Fmedia&parent=2951"}],"wp:term":[{"taxonomy":"product_brand","embeddable":true,"href":"https:\/\/www.shlcrochet.se\/index.php?rest_route=%2Fwp%2Fv2%2Fproduct_brand&post=2951"},{"taxonomy":"product_cat","embeddable":true,"href":"https:\/\/www.shlcrochet.se\/index.php?rest_route=%2Fwp%2Fv2%2Fproduct_cat&post=2951"},{"taxonomy":"product_tag","embeddable":true,"href":"https:\/\/www.shlcrochet.se\/index.php?rest_route=%2Fwp%2Fv2%2Fproduct_tag&post=2951"}],"curies":[{"name":"wp","href":"https:\/\/api.w.org\/{rel}","templated":true}]}}