{"id":3153,"date":"2026-01-06T19:12:36","date_gmt":"2026-01-06T18:12:36","guid":{"rendered":"https:\/\/www.shlcrochet.se\/?post_type=product&#038;p=3153"},"modified":"2026-01-06T19:15:15","modified_gmt":"2026-01-06T18:15:15","slug":"tallriksunderlagg-fotboll","status":"publish","type":"product","link":"https:\/\/www.shlcrochet.se\/?product=tallriksunderlagg-fotboll","title":{"rendered":"Virkm\u00f6nster Tallriksunderl\u00e4gg Fotboll"},"content":{"rendered":"<p>Med detta virkm\u00f6nster skapar du ett Tallriksunderl\u00e4gg med fotbollsm\u00f6nster i ditt lags f\u00e4rger!<\/p>\n<p>Tallriksunderl\u00e4gget virkas i Hobbis garn Rainbow Cotton 8\/4 med virkn\u00e5l 2,5.<\/p>\n<p>P\u00e5 bilderna \u00e4r den virkad i GAIS fotbolls f\u00e4rger.<\/p>\n<p>M\u00f6nstret inneh\u00e5ller beskrivning, bilder p\u00e5 garnet samt f\u00e4rgnummer till alla lag i\u00a0 Fotbollsallsvenskan 2025.<\/p>\n<p>Vad beh\u00f6ver du kunna f\u00f6r att g\u00f6ra denna?<\/p>\n<p>Luftmaska<br \/>\nFast maska<\/p>\n<p>Smygmaska<\/p>\n<p>Virka i fr\u00e4mre eller bakre luftmaskb\u00e5gen<\/p>\n<p>Stolpe<\/p>\n<p>Reliefstolpe framifr\u00e5n<\/p>\n<p>Garn eller material ing\u00e5r ej utan det \u00e4r endast m\u00f6nstret.<\/p>\n<p>Efter k\u00f6p kan du direkt ladda ner m\u00f6nstret som pdf-fil och sedan \u00e4r det bara att inf\u00f6rskaffa garn och b\u00f6rja skapa!<\/p>\n<p>&nbsp;<\/p>\n<p><strong>Lag som \u00e4r med i detta m\u00f6nster:<\/strong><\/p>\n<p>IFK Norrk\u00f6ping<\/p>\n<p>IFK G\u00f6teborg<\/p>\n<p>V\u00e4rnamo<\/p>\n<p>Sirius<\/p>\n<p>Elfsborg<\/p>\n<p>H\u00e4cken<\/p>\n<p>Kalmar FF<\/p>\n<p>Mj\u00e4llby<\/p>\n<p>Djurg\u00e5rden<\/p>\n<p>Hammarby<\/p>\n<p>GAIS<\/p>\n<p>Brommapojkarna<\/p>\n<p>V\u00e4ster\u00e5s<\/p>\n<p>Halmstad<\/p>\n<p>AIK<\/p>\n<p>&nbsp;<\/p>\n","protected":false},"excerpt":{"rendered":"<p>Med detta virkm\u00f6nster skapar du ett Tallriksunderl\u00e4gg med fotbollsm\u00f6nster i ditt lags f\u00e4rger! Tallriksunderl\u00e4gget virkas i Hobbis garn Rainbow Cotton&hellip;<\/p>\n","protected":false},"featured_media":3155,"comment_status":"closed","ping_status":"closed","template":"","meta":[],"product_brand":[],"product_cat":[51,56,58],"product_tag":[],"class_list":{"0":"post-3153","1":"product","2":"type-product","3":"status-publish","4":"has-post-thumbnail","6":"product_cat-fotboll","7":"product_cat-fotbollsallsvenskan","8":"product_cat-ovrigt","10":"first","11":"instock","12":"downloadable","13":"shipping-taxable","14":"purchasable","15":"product-type-simple"},"jetpack_sharing_enabled":true,"_links":{"self":[{"href":"https:\/\/www.shlcrochet.se\/index.php?rest_route=\/wp\/v2\/product\/3153","targetHints":{"allow":["GET"]}}],"collection":[{"href":"https:\/\/www.shlcrochet.se\/index.php?rest_route=\/wp\/v2\/product"}],"about":[{"href":"https:\/\/www.shlcrochet.se\/index.php?rest_route=\/wp\/v2\/types\/product"}],"replies":[{"embeddable":true,"href":"https:\/\/www.shlcrochet.se\/index.php?rest_route=%2Fwp%2Fv2%2Fcomments&post=3153"}],"wp:featuredmedia":[{"embeddable":true,"href":"https:\/\/www.shlcrochet.se\/index.php?rest_route=\/wp\/v2\/media\/3155"}],"wp:attachment":[{"href":"https:\/\/www.shlcrochet.se\/index.php?rest_route=%2Fwp%2Fv2%2Fmedia&parent=3153"}],"wp:term":[{"taxonomy":"product_brand","embeddable":true,"href":"https:\/\/www.shlcrochet.se\/index.php?rest_route=%2Fwp%2Fv2%2Fproduct_brand&post=3153"},{"taxonomy":"product_cat","embeddable":true,"href":"https:\/\/www.shlcrochet.se\/index.php?rest_route=%2Fwp%2Fv2%2Fproduct_cat&post=3153"},{"taxonomy":"product_tag","embeddable":true,"href":"https:\/\/www.shlcrochet.se\/index.php?rest_route=%2Fwp%2Fv2%2Fproduct_tag&post=3153"}],"curies":[{"name":"wp","href":"https:\/\/api.w.org\/{rel}","templated":true}]}}