{"id":3174,"date":"2026-01-11T19:39:47","date_gmt":"2026-01-11T18:39:47","guid":{"rendered":"https:\/\/www.shlcrochet.se\/?post_type=product&#038;p=3174"},"modified":"2026-01-11T19:39:48","modified_gmt":"2026-01-11T18:39:48","slug":"virkmonster-lagmossa-wheat-stitch-shl-hockeyallsvenskan-fotbollsallsvenskan","status":"publish","type":"product","link":"https:\/\/www.shlcrochet.se\/?product=virkmonster-lagmossa-wheat-stitch-shl-hockeyallsvenskan-fotbollsallsvenskan","title":{"rendered":"Virkm\u00f6nster Lagm\u00f6ssa Wheat Stitch SHL, Hockeyallsvenskan, Fotbollsallsvenskan"},"content":{"rendered":"<p>Med detta virkm\u00f6nster skapar du en Lagm\u00f6ssa i Wheat Stitch i ditt lags f\u00e4rger!<\/p>\n<p>Storlek One Size<\/p>\n<p>M\u00f6ssan virkas i Hobbis garn Friends Wool i 100% ull med virkn\u00e5l 5,5.<\/p>\n<p>Garnet \u00e4r ett tunnare ullgarn med 100 m\/50 g.<br \/>\nP\u00e5 bilderna \u00e4r M\u00f6ssan virkad i Link\u00f6ping Hockeys f\u00e4rger och HV\/! Hockeys f\u00e4rger.<\/p>\n<p>Om man inte tycker om ullgarn kan denna virkas i t ex Hobbis garn Amigo XL som \u00e4r ett mjukt akrylgarn.<\/p>\n<p>M\u00f6nstret inneh\u00e5ller beskrivning, bilder p\u00e5 garnet samt f\u00e4rgnummer i Friends wool till alla lag i SHL, Hockeyallsvenskan och Fotbollsallsvenskan 2025.<\/p>\n<p>Vad beh\u00f6ver du kunna f\u00f6r att g\u00f6ra denna?<\/p>\n<p>Luftmaska<br \/>\nFast maska<\/p>\n<p>Smygmaska<\/p>\n<p>Virka i fr\u00e4mre eller bakre luftmaskb\u00e5gen<\/p>\n<p>Wheat Stitch (beskrivning i m\u00f6nstret)<\/p>\n<p>Garn eller material ing\u00e5r ej utan det \u00e4r endast m\u00f6nstret.<\/p>\n<p>Efter k\u00f6p kan du direkt ladda ner m\u00f6nstret som pdf-fil och sedan \u00e4r det bara att inf\u00f6rskaffa garn och b\u00f6rja skapa!<\/p>\n<p>&nbsp;<\/p>\n<p><strong>Lag som \u00e4r med i detta m\u00f6nster:<\/strong><\/p>\n<p>Hockey:\u00a0 \u00a0 \u00a0 \u00a0 \u00a0 \u00a0 \u00a0 \u00a0 \u00a0 \u00a0 \u00a0 \u00a0 \u00a0 \u00a0 \u00a0 \u00a0 \u00a0 \u00a0 \u00a0 \u00a0 \u00a0 \u00a0 \u00a0 \u00a0Fotboll:<\/p>\n<p>F\u00e4rjestad\u00a0 \u00a0 \u00a0 \u00a0 \u00a0 \u00a0 \u00a0 \u00a0 \u00a0 \u00a0 \u00a0 \u00a0 \u00a0 \u00a0 \u00a0 \u00a0 \u00a0 \u00a0 \u00a0 \u00a0 \u00a0 \u00a0 \u00a0IFK Norrk\u00f6ping<\/p>\n<p>Fr\u00f6lunda\u00a0 \u00a0 \u00a0 \u00a0 \u00a0 \u00a0 \u00a0 \u00a0 \u00a0 \u00a0 \u00a0 \u00a0 \u00a0 \u00a0 \u00a0 \u00a0 \u00a0 \u00a0 \u00a0 \u00a0 \u00a0 \u00a0 \u00a0 IFK G\u00f6teborg<\/p>\n<p>HV71\u00a0 \u00a0 \u00a0 \u00a0 \u00a0 \u00a0 \u00a0 \u00a0 \u00a0 \u00a0 \u00a0 \u00a0 \u00a0 \u00a0 \u00a0 \u00a0 \u00a0 \u00a0 \u00a0 \u00a0 \u00a0 \u00a0 \u00a0 \u00a0 \u00a0 \u00a0V\u00e4rnamo<\/p>\n<p>Leksand\u00a0 \u00a0 \u00a0 \u00a0 \u00a0 \u00a0 \u00a0 \u00a0 \u00a0 \u00a0 \u00a0 \u00a0 \u00a0 \u00a0 \u00a0 \u00a0 \u00a0 \u00a0 \u00a0 \u00a0 \u00a0 \u00a0 \u00a0 \u00a0Sirius<\/p>\n<p>Link\u00f6ping\u00a0 \u00a0 \u00a0 \u00a0 \u00a0 \u00a0 \u00a0 \u00a0 \u00a0 \u00a0 \u00a0 \u00a0 \u00a0 \u00a0 \u00a0 \u00a0 \u00a0 \u00a0 \u00a0 \u00a0 \u00a0 \u00a0 \u00a0Elfsborg<\/p>\n<p>Lule\u00e5\u00a0 \u00a0 \u00a0 \u00a0 \u00a0 \u00a0 \u00a0 \u00a0 \u00a0 \u00a0 \u00a0 \u00a0 \u00a0 \u00a0 \u00a0 \u00a0 \u00a0 \u00a0 \u00a0 \u00a0 \u00a0 \u00a0 \u00a0 \u00a0 \u00a0 \u00a0 H\u00e4cken<\/p>\n<p>Malm\u00f6\u00a0 \u00a0 \u00a0 \u00a0 \u00a0 \u00a0 \u00a0 \u00a0 \u00a0 \u00a0 \u00a0 \u00a0 \u00a0 \u00a0 \u00a0 \u00a0 \u00a0 \u00a0 \u00a0 \u00a0 \u00a0 \u00a0 \u00a0 \u00a0 \u00a0 Kalmar FF<\/p>\n<p>Modo\u00a0 \u00a0 \u00a0 \u00a0 \u00a0 \u00a0 \u00a0 \u00a0 \u00a0 \u00a0 \u00a0 \u00a0 \u00a0 \u00a0 \u00a0 \u00a0 \u00a0 \u00a0 \u00a0 \u00a0 \u00a0 \u00a0 \u00a0 \u00a0 \u00a0 \u00a0 Mj\u00e4llby<\/p>\n<p>R\u00f6gle\u00a0 \u00a0 \u00a0 \u00a0 \u00a0 \u00a0 \u00a0 \u00a0 \u00a0 \u00a0 \u00a0 \u00a0 \u00a0 \u00a0 \u00a0 \u00a0 \u00a0 \u00a0 \u00a0 \u00a0 \u00a0 \u00a0 \u00a0 \u00a0 \u00a0 \u00a0Djurg\u00e5rden<\/p>\n<p>Skellefte\u00e5\u00a0 \u00a0 \u00a0 \u00a0 \u00a0 \u00a0 \u00a0 \u00a0 \u00a0 \u00a0 \u00a0 \u00a0 \u00a0 \u00a0 \u00a0 \u00a0 \u00a0 \u00a0 \u00a0 \u00a0 \u00a0 \u00a0 \u00a0Hammarby<\/p>\n<p>Timr\u00e5\u00a0 \u00a0 \u00a0 \u00a0 \u00a0 \u00a0 \u00a0 \u00a0 \u00a0 \u00a0 \u00a0 \u00a0 \u00a0 \u00a0 \u00a0 \u00a0 \u00a0 \u00a0 \u00a0 \u00a0 \u00a0 \u00a0 \u00a0 \u00a0 \u00a0 \u00a0 V\u00e4ster\u00e5s<\/p>\n<p>V\u00e4xj\u00f6\u00a0 \u00a0 \u00a0 \u00a0 \u00a0 \u00a0 \u00a0 \u00a0 \u00a0 \u00a0 \u00a0 \u00a0 \u00a0 \u00a0 \u00a0 \u00a0 \u00a0 \u00a0 \u00a0 \u00a0 \u00a0 \u00a0 \u00a0 \u00a0 \u00a0 \u00a0 Halmstad<\/p>\n<p>\u00d6rebro\u00a0 \u00a0 \u00a0 \u00a0 \u00a0 \u00a0 \u00a0 \u00a0 \u00a0 \u00a0 \u00a0 \u00a0 \u00a0 \u00a0 \u00a0 \u00a0 \u00a0 \u00a0 \u00a0 \u00a0 \u00a0 \u00a0 \u00a0 \u00a0 \u00a0 AIK<\/p>\n<p>Bryn\u00e4s\u00a0 \u00a0 \u00a0 \u00a0 \u00a0 \u00a0 \u00a0 \u00a0 \u00a0 \u00a0 \u00a0 \u00a0 \u00a0 \u00a0 \u00a0 \u00a0 \u00a0 \u00a0 \u00a0 \u00a0 \u00a0 \u00a0 \u00a0 \u00a0 \u00a0GAIS<\/p>\n<p>Oskarshamn\u00a0 \u00a0 \u00a0 \u00a0 \u00a0 \u00a0 \u00a0 \u00a0 \u00a0 \u00a0 \u00a0 \u00a0 \u00a0 \u00a0 \u00a0 \u00a0 \u00a0 \u00a0 \u00a0 \u00a0Brommapojkarna<\/p>\n<p>Djurg\u00e5rden<\/p>\n<p>Bj\u00f6rkl\u00f6ven<\/p>\n<p>V\u00e4ster\u00e5s<\/p>\n<p>\u00d6stersund<\/p>\n<p>Mora<\/p>\n<p>Karlskoga<\/p>\n<p>Almtuna<\/p>\n<p>Kalmar<\/p>\n<p>Tingsryd<\/p>\n<p>Vimmerby<\/p>\n<p>Nybro<\/p>\n<p>AIK<\/p>\n<p>S\u00f6dert\u00e4lje<\/p>\n","protected":false},"excerpt":{"rendered":"<p>Med detta virkm\u00f6nster skapar du en Lagm\u00f6ssa i Wheat Stitch i ditt lags f\u00e4rger! Storlek One Size M\u00f6ssan virkas i&hellip;<\/p>\n","protected":false},"featured_media":3176,"comment_status":"closed","ping_status":"closed","template":"","meta":[],"product_brand":[],"product_cat":[51,56,52,54,58,53],"product_tag":[],"class_list":{"0":"post-3174","1":"product","2":"type-product","3":"status-publish","4":"has-post-thumbnail","6":"product_cat-fotboll","7":"product_cat-fotbollsallsvenskan","8":"product_cat-hockey","9":"product_cat-hockeyallsvenskan","10":"product_cat-ovrigt","11":"product_cat-shl","13":"first","14":"instock","15":"downloadable","16":"shipping-taxable","17":"purchasable","18":"product-type-simple"},"jetpack_sharing_enabled":true,"_links":{"self":[{"href":"https:\/\/www.shlcrochet.se\/index.php?rest_route=\/wp\/v2\/product\/3174","targetHints":{"allow":["GET"]}}],"collection":[{"href":"https:\/\/www.shlcrochet.se\/index.php?rest_route=\/wp\/v2\/product"}],"about":[{"href":"https:\/\/www.shlcrochet.se\/index.php?rest_route=\/wp\/v2\/types\/product"}],"replies":[{"embeddable":true,"href":"https:\/\/www.shlcrochet.se\/index.php?rest_route=%2Fwp%2Fv2%2Fcomments&post=3174"}],"wp:featuredmedia":[{"embeddable":true,"href":"https:\/\/www.shlcrochet.se\/index.php?rest_route=\/wp\/v2\/media\/3176"}],"wp:attachment":[{"href":"https:\/\/www.shlcrochet.se\/index.php?rest_route=%2Fwp%2Fv2%2Fmedia&parent=3174"}],"wp:term":[{"taxonomy":"product_brand","embeddable":true,"href":"https:\/\/www.shlcrochet.se\/index.php?rest_route=%2Fwp%2Fv2%2Fproduct_brand&post=3174"},{"taxonomy":"product_cat","embeddable":true,"href":"https:\/\/www.shlcrochet.se\/index.php?rest_route=%2Fwp%2Fv2%2Fproduct_cat&post=3174"},{"taxonomy":"product_tag","embeddable":true,"href":"https:\/\/www.shlcrochet.se\/index.php?rest_route=%2Fwp%2Fv2%2Fproduct_tag&post=3174"}],"curies":[{"name":"wp","href":"https:\/\/api.w.org\/{rel}","templated":true}]}}