{"id":322,"date":"2024-08-01T20:45:20","date_gmt":"2024-08-01T18:45:20","guid":{"rendered":"https:\/\/www.shlcrochet.se\/?post_type=product&#038;p=322"},"modified":"2024-08-05T18:02:01","modified_gmt":"2024-08-05T16:02:01","slug":"virkmonster-supporter-girl-med-beskrivning-till-leksands-farger","status":"publish","type":"product","link":"https:\/\/www.shlcrochet.se\/?product=virkmonster-supporter-girl-med-beskrivning-till-leksands-farger","title":{"rendered":"Virkm\u00f6nster Supporter Girl med beskrivning till Leksands f\u00e4rger"},"content":{"rendered":"<p>Med detta virkm\u00f6nster skapar du en egen Supporter Girl med text beskrivning till Leksand Hockeys f\u00e4rger p\u00e5 lag kl\u00e4nning!<\/p>\n<p>Supporter Girl virkas i 8\/4 och med virkn\u00e5l 3,0 och blir ca 33 cm.<\/p>\n<p>Med l\u00e4ngre kl\u00e4nning blir hon en brud, kort kl\u00e4nning en student (beskrivning p\u00e5 studentm\u00f6ssan \u00e4r med s\u00e5klart), och det \u00e4r med en textbeskrivning p\u00e5 hur du g\u00f6r kl\u00e4nningen till \u2013 inte en lagtr\u00f6ja men en lagkl\u00e4nning i Leksands f\u00e4rger. Eller s\u00e5 blir hon en \u00e4ngel med beskrivningen p\u00e5 vingarna.<\/p>\n<p>M\u00f6nstret inneh\u00e5ller beskrivning, bilder p\u00e5 garnet samt f\u00e4rgnummer.<\/p>\n<p>Vad beh\u00f6ver du kunna f\u00f6r att g\u00f6ra denna?<\/p>\n<ul>\n<li>Luftmaska<\/li>\n<li>Fast maska<\/li>\n<li>\u00d6ka<\/li>\n<li>Minska<\/li>\n<li>Virka i fr\u00e4mre eller bakre luftmaskb\u00e5gen<\/li>\n<li>I vissa m\u00f6nster stolpar eller relief stolpar bakifr\u00e5n<\/li>\n<\/ul>\n<p>&nbsp;<\/p>\n<p>Garn eller material ing\u00e5r ej utan det \u00e4r endast m\u00f6nstret.<\/p>\n<p>Efter k\u00f6p kan du direkt ladda ner m\u00f6nstret som pdf-fil och sedan \u00e4r det bara att inf\u00f6rskaffa garn och b\u00f6rja skapa!<\/p>\n","protected":false},"excerpt":{"rendered":"<p>Virkm\u00f6nster Supporter Girl med beskrivning till Leksands f\u00e4rger<\/p>\n","protected":false},"featured_media":148,"comment_status":"closed","ping_status":"closed","template":"","meta":[],"product_brand":[],"product_cat":[52,53],"product_tag":[],"class_list":{"0":"post-322","1":"product","2":"type-product","3":"status-publish","4":"has-post-thumbnail","6":"product_cat-hockey","7":"product_cat-shl","9":"first","10":"instock","11":"downloadable","12":"shipping-taxable","13":"purchasable","14":"product-type-simple"},"jetpack_sharing_enabled":true,"_links":{"self":[{"href":"https:\/\/www.shlcrochet.se\/index.php?rest_route=\/wp\/v2\/product\/322","targetHints":{"allow":["GET"]}}],"collection":[{"href":"https:\/\/www.shlcrochet.se\/index.php?rest_route=\/wp\/v2\/product"}],"about":[{"href":"https:\/\/www.shlcrochet.se\/index.php?rest_route=\/wp\/v2\/types\/product"}],"replies":[{"embeddable":true,"href":"https:\/\/www.shlcrochet.se\/index.php?rest_route=%2Fwp%2Fv2%2Fcomments&post=322"}],"wp:featuredmedia":[{"embeddable":true,"href":"https:\/\/www.shlcrochet.se\/index.php?rest_route=\/wp\/v2\/media\/148"}],"wp:attachment":[{"href":"https:\/\/www.shlcrochet.se\/index.php?rest_route=%2Fwp%2Fv2%2Fmedia&parent=322"}],"wp:term":[{"taxonomy":"product_brand","embeddable":true,"href":"https:\/\/www.shlcrochet.se\/index.php?rest_route=%2Fwp%2Fv2%2Fproduct_brand&post=322"},{"taxonomy":"product_cat","embeddable":true,"href":"https:\/\/www.shlcrochet.se\/index.php?rest_route=%2Fwp%2Fv2%2Fproduct_cat&post=322"},{"taxonomy":"product_tag","embeddable":true,"href":"https:\/\/www.shlcrochet.se\/index.php?rest_route=%2Fwp%2Fv2%2Fproduct_tag&post=322"}],"curies":[{"name":"wp","href":"https:\/\/api.w.org\/{rel}","templated":true}]}}