{"id":3450,"date":"2026-04-14T17:26:36","date_gmt":"2026-04-14T15:26:36","guid":{"rendered":"https:\/\/www.shlcrochet.se\/?post_type=product&#038;p=3450"},"modified":"2026-04-14T17:26:36","modified_gmt":"2026-04-14T15:26:36","slug":"supporter-golf","status":"publish","type":"product","link":"https:\/\/www.shlcrochet.se\/?product=supporter-golf","title":{"rendered":"Supporter Golf"},"content":{"rendered":"<p>Med detta virkm\u00f6nster skapar du en egen Supporter Golf!<\/p>\n<p>Och s\u00e5klart \u00e4r golfbagen med inkl klubbor och headcover!<\/p>\n<p>Virkn\u00e5l: 2,5 mm (h\u00f6jd ca 31 cm) eller 3,0 (h\u00f6jd ca 33-34 cm)<\/p>\n<p>M\u00f6nstret inneh\u00e5ller beskrivning samt f\u00e4rger och bilder p\u00e5 garnet &#8211; men tr\u00f6jan v\u00e4ljer du sj\u00e4lv vilken f\u00e4rg du vill ha d\u00e5 golfkl\u00e4der \u00e4r efter tycke och smak.<\/p>\n<p>Vad beh\u00f6ver du kunna f\u00f6r att g\u00f6ra denna?<\/p>\n<ul>\n<li>Luftmaska<\/li>\n<li>Fast maska<\/li>\n<li>\u00d6ka<\/li>\n<li>Minska<\/li>\n<li>Virka i fr\u00e4mre eller bakre luftmaskb\u00e5gen<\/li>\n<\/ul>\n<p>&nbsp;<\/p>\n<p>Garn eller material ing\u00e5r ej utan det \u00e4r endast m\u00f6nstret.<\/p>\n<p>Efter k\u00f6p kan du direkt ladda ner m\u00f6nstret som pdf-fil och sedan \u00e4r det bara att inf\u00f6rskaffa garn och b\u00f6rja skapa!<\/p>\n","protected":false},"excerpt":{"rendered":"<p>Med detta virkm\u00f6nster skapar du en egen Supporter Golf! Och s\u00e5klart \u00e4r golfbagen med inkl klubbor och headcover! Virkn\u00e5l: 2,5&hellip;<\/p>\n","protected":false},"featured_media":3453,"comment_status":"closed","ping_status":"closed","template":"","meta":[],"product_brand":[],"product_cat":[20,58],"product_tag":[],"class_list":{"0":"post-3450","1":"product","2":"type-product","3":"status-publish","4":"has-post-thumbnail","6":"product_cat-golf","7":"product_cat-ovrigt","9":"first","10":"instock","11":"downloadable","12":"shipping-taxable","13":"purchasable","14":"product-type-simple"},"jetpack_sharing_enabled":true,"_links":{"self":[{"href":"https:\/\/www.shlcrochet.se\/index.php?rest_route=\/wp\/v2\/product\/3450","targetHints":{"allow":["GET"]}}],"collection":[{"href":"https:\/\/www.shlcrochet.se\/index.php?rest_route=\/wp\/v2\/product"}],"about":[{"href":"https:\/\/www.shlcrochet.se\/index.php?rest_route=\/wp\/v2\/types\/product"}],"replies":[{"embeddable":true,"href":"https:\/\/www.shlcrochet.se\/index.php?rest_route=%2Fwp%2Fv2%2Fcomments&post=3450"}],"wp:featuredmedia":[{"embeddable":true,"href":"https:\/\/www.shlcrochet.se\/index.php?rest_route=\/wp\/v2\/media\/3453"}],"wp:attachment":[{"href":"https:\/\/www.shlcrochet.se\/index.php?rest_route=%2Fwp%2Fv2%2Fmedia&parent=3450"}],"wp:term":[{"taxonomy":"product_brand","embeddable":true,"href":"https:\/\/www.shlcrochet.se\/index.php?rest_route=%2Fwp%2Fv2%2Fproduct_brand&post=3450"},{"taxonomy":"product_cat","embeddable":true,"href":"https:\/\/www.shlcrochet.se\/index.php?rest_route=%2Fwp%2Fv2%2Fproduct_cat&post=3450"},{"taxonomy":"product_tag","embeddable":true,"href":"https:\/\/www.shlcrochet.se\/index.php?rest_route=%2Fwp%2Fv2%2Fproduct_tag&post=3450"}],"curies":[{"name":"wp","href":"https:\/\/api.w.org\/{rel}","templated":true}]}}